{"id":13355,"date":"2022-11-24T12:53:08","date_gmt":"2022-11-24T12:53:08","guid":{"rendered":"https:\/\/koonam.com\/lombok-tour-packages\/"},"modified":"2023-07-12T14:19:30","modified_gmt":"2023-07-12T14:19:30","slug":"lombok-tourpakete","status":"publish","type":"page","link":"https:\/\/koonam.com\/de\/lombok-tourpakete\/","title":{"rendered":"Lombok-Tourpakete"},"content":{"rendered":"","protected":false},"excerpt":{"rendered":"","protected":false},"author":4,"featured_media":12353,"parent":0,"menu_order":0,"comment_status":"closed","ping_status":"closed","template":"","meta":{"_mi_skip_tracking":false,"_monsterinsights_sitenote_active":false,"_monsterinsights_sitenote_note":"","_monsterinsights_sitenote_category":0,"footnotes":""},"class_list":["post-13355","page","type-page","status-publish","has-post-thumbnail","hentry"],"yoast_head":"<!-- This site is optimized with the Yoast SEO plugin v20.12 - https:\/\/yoast.com\/wordpress\/plugins\/seo\/ -->\n<title>Lombok-Tourpakete - Koonam<\/title>\n<meta name=\"description\" content=\"Lombok ist ein gro\u00dfartiges Reiseziel f\u00fcr Reisende, die Natursch\u00f6nheiten, kulturelles Erbe und w\u00fcrzige indonesische K\u00fcche erleben m\u00f6chten. Das kulturelle Erbe Lomboks ist eine einzigartige Mischung aus indigenen Sasak-Traditionen und \u00e4u\u00dferen Einfl\u00fcssen aus Bali und Java, was zu einer reichen und lebendigen Kultur f\u00fchrt, die f\u00fcr Besucher der Insel einen Besuch wert ist.\" \/>\n<meta name=\"robots\" content=\"index, follow, max-snippet:-1, max-image-preview:large, max-video-preview:-1\" \/>\n<link rel=\"canonical\" href=\"https:\/\/koonam.com\/de\/lombok-tourpakete\/\" \/>\n<meta property=\"og:locale\" content=\"de_DE\" \/>\n<meta property=\"og:type\" content=\"article\" \/>\n<meta property=\"og:title\" content=\"Lombok-Tourpakete - Koonam\" \/>\n<meta property=\"og:description\" content=\"Lombok ist ein gro\u00dfartiges Reiseziel f\u00fcr Reisende, die Natursch\u00f6nheiten, kulturelles Erbe und w\u00fcrzige indonesische K\u00fcche erleben m\u00f6chten. Das kulturelle Erbe Lomboks ist eine einzigartige Mischung aus indigenen Sasak-Traditionen und \u00e4u\u00dferen Einfl\u00fcssen aus Bali und Java, was zu einer reichen und lebendigen Kultur f\u00fchrt, die f\u00fcr Besucher der Insel einen Besuch wert ist.\" \/>\n<meta property=\"og:url\" content=\"https:\/\/koonam.com\/de\/lombok-tourpakete\/\" \/>\n<meta property=\"og:site_name\" content=\"Koonam\" \/>\n<meta property=\"article:publisher\" content=\"https:\/\/www.facebook.com\/IndonesiaTourPackages\/\" \/>\n<meta property=\"article:modified_time\" content=\"2023-07-12T14:19:30+00:00\" \/>\n<meta property=\"og:image\" content=\"https:\/\/koonam.com\/wp-content\/uploads\/2017\/01\/Labuhan-Pandan-Lombok-Tour-Packages-Koonam.jpg\" \/>\n\t<meta property=\"og:image:width\" content=\"857\" \/>\n\t<meta property=\"og:image:height\" content=\"570\" \/>\n\t<meta property=\"og:image:type\" content=\"image\/jpeg\" \/>\n<meta name=\"twitter:card\" content=\"summary_large_image\" \/>\n<script type=\"application\/ld+json\" class=\"yoast-schema-graph\">{\"@context\":\"https:\/\/schema.org\",\"@graph\":[{\"@type\":\"WebPage\",\"@id\":\"https:\/\/koonam.com\/de\/lombok-tourpakete\/\",\"url\":\"https:\/\/koonam.com\/de\/lombok-tourpakete\/\",\"name\":\"Lombok-Tourpakete - Koonam\",\"isPartOf\":{\"@id\":\"https:\/\/koonam.com\/de\/#website\"},\"datePublished\":\"2022-11-24T12:53:08+00:00\",\"dateModified\":\"2023-07-12T14:19:30+00:00\",\"description\":\"Lombok ist ein gro\u00dfartiges Reiseziel f\u00fcr Reisende, die Natursch\u00f6nheiten, kulturelles Erbe und w\u00fcrzige indonesische K\u00fcche erleben m\u00f6chten. Das kulturelle Erbe Lomboks ist eine einzigartige Mischung aus indigenen Sasak-Traditionen und \u00e4u\u00dferen Einfl\u00fcssen aus Bali und Java, was zu einer reichen und lebendigen Kultur f\u00fchrt, die f\u00fcr Besucher der Insel einen Besuch wert ist.\",\"breadcrumb\":{\"@id\":\"https:\/\/koonam.com\/de\/lombok-tourpakete\/#breadcrumb\"},\"inLanguage\":\"de\",\"potentialAction\":[{\"@type\":\"ReadAction\",\"target\":[\"https:\/\/koonam.com\/de\/lombok-tourpakete\/\"]}]},{\"@type\":\"BreadcrumbList\",\"@id\":\"https:\/\/koonam.com\/de\/lombok-tourpakete\/#breadcrumb\",\"itemListElement\":[{\"@type\":\"ListItem\",\"position\":1,\"name\":\"Home\",\"item\":\"https:\/\/koonam.com\/de\/\"},{\"@type\":\"ListItem\",\"position\":2,\"name\":\"Lombok-Tourpakete\"}]},{\"@type\":\"WebSite\",\"@id\":\"https:\/\/koonam.com\/de\/#website\",\"url\":\"https:\/\/koonam.com\/de\/\",\"name\":\"Koonam | Tour Travel Indonesia\",\"description\":\"Tour Travel Indonesia\",\"publisher\":{\"@id\":\"https:\/\/koonam.com\/de\/#organization\"},\"potentialAction\":[{\"@type\":\"SearchAction\",\"target\":{\"@type\":\"EntryPoint\",\"urlTemplate\":\"https:\/\/koonam.com\/de\/?s={search_term_string}\"},\"query-input\":\"required name=search_term_string\"}],\"inLanguage\":\"de\"},{\"@type\":\"Organization\",\"@id\":\"https:\/\/koonam.com\/de\/#organization\",\"name\":\"Koonam Corp\",\"url\":\"https:\/\/koonam.com\/de\/\",\"logo\":{\"@type\":\"ImageObject\",\"inLanguage\":\"de\",\"@id\":\"https:\/\/koonam.com\/de\/#\/schema\/logo\/image\/\",\"url\":\"https:\/\/koonam.com\/wp-content\/uploads\/2018\/12\/Logo-Koonam-Header.png\",\"contentUrl\":\"https:\/\/koonam.com\/wp-content\/uploads\/2018\/12\/Logo-Koonam-Header.png\",\"width\":200,\"height\":44,\"caption\":\"Koonam Corp\"},\"image\":{\"@id\":\"https:\/\/koonam.com\/de\/#\/schema\/logo\/image\/\"},\"sameAs\":[\"https:\/\/www.facebook.com\/IndonesiaTourPackages\/\"]}]}<\/script>\n<!-- \/ Yoast SEO plugin. -->","yoast_head_json":{"title":"Lombok-Tourpakete - Koonam","description":"Lombok ist ein gro\u00dfartiges Reiseziel f\u00fcr Reisende, die Natursch\u00f6nheiten, kulturelles Erbe und w\u00fcrzige indonesische K\u00fcche erleben m\u00f6chten. Das kulturelle Erbe Lomboks ist eine einzigartige Mischung aus indigenen Sasak-Traditionen und \u00e4u\u00dferen Einfl\u00fcssen aus Bali und Java, was zu einer reichen und lebendigen Kultur f\u00fchrt, die f\u00fcr Besucher der Insel einen Besuch wert ist.","robots":{"index":"index","follow":"follow","max-snippet":"max-snippet:-1","max-image-preview":"max-image-preview:large","max-video-preview":"max-video-preview:-1"},"canonical":"https:\/\/koonam.com\/de\/lombok-tourpakete\/","og_locale":"de_DE","og_type":"article","og_title":"Lombok-Tourpakete - Koonam","og_description":"Lombok ist ein gro\u00dfartiges Reiseziel f\u00fcr Reisende, die Natursch\u00f6nheiten, kulturelles Erbe und w\u00fcrzige indonesische K\u00fcche erleben m\u00f6chten. Das kulturelle Erbe Lomboks ist eine einzigartige Mischung aus indigenen Sasak-Traditionen und \u00e4u\u00dferen Einfl\u00fcssen aus Bali und Java, was zu einer reichen und lebendigen Kultur f\u00fchrt, die f\u00fcr Besucher der Insel einen Besuch wert ist.","og_url":"https:\/\/koonam.com\/de\/lombok-tourpakete\/","og_site_name":"Koonam","article_publisher":"https:\/\/www.facebook.com\/IndonesiaTourPackages\/","article_modified_time":"2023-07-12T14:19:30+00:00","og_image":[{"width":857,"height":570,"url":"https:\/\/koonam.com\/wp-content\/uploads\/2017\/01\/Labuhan-Pandan-Lombok-Tour-Packages-Koonam.jpg","type":"image\/jpeg"}],"twitter_card":"summary_large_image","schema":{"@context":"https:\/\/schema.org","@graph":[{"@type":"WebPage","@id":"https:\/\/koonam.com\/de\/lombok-tourpakete\/","url":"https:\/\/koonam.com\/de\/lombok-tourpakete\/","name":"Lombok-Tourpakete - Koonam","isPartOf":{"@id":"https:\/\/koonam.com\/de\/#website"},"datePublished":"2022-11-24T12:53:08+00:00","dateModified":"2023-07-12T14:19:30+00:00","description":"Lombok ist ein gro\u00dfartiges Reiseziel f\u00fcr Reisende, die Natursch\u00f6nheiten, kulturelles Erbe und w\u00fcrzige indonesische K\u00fcche erleben m\u00f6chten. Das kulturelle Erbe Lomboks ist eine einzigartige Mischung aus indigenen Sasak-Traditionen und \u00e4u\u00dferen Einfl\u00fcssen aus Bali und Java, was zu einer reichen und lebendigen Kultur f\u00fchrt, die f\u00fcr Besucher der Insel einen Besuch wert ist.","breadcrumb":{"@id":"https:\/\/koonam.com\/de\/lombok-tourpakete\/#breadcrumb"},"inLanguage":"de","potentialAction":[{"@type":"ReadAction","target":["https:\/\/koonam.com\/de\/lombok-tourpakete\/"]}]},{"@type":"BreadcrumbList","@id":"https:\/\/koonam.com\/de\/lombok-tourpakete\/#breadcrumb","itemListElement":[{"@type":"ListItem","position":1,"name":"Home","item":"https:\/\/koonam.com\/de\/"},{"@type":"ListItem","position":2,"name":"Lombok-Tourpakete"}]},{"@type":"WebSite","@id":"https:\/\/koonam.com\/de\/#website","url":"https:\/\/koonam.com\/de\/","name":"Koonam | Tour Travel Indonesia","description":"Tour Travel Indonesia","publisher":{"@id":"https:\/\/koonam.com\/de\/#organization"},"potentialAction":[{"@type":"SearchAction","target":{"@type":"EntryPoint","urlTemplate":"https:\/\/koonam.com\/de\/?s={search_term_string}"},"query-input":"required name=search_term_string"}],"inLanguage":"de"},{"@type":"Organization","@id":"https:\/\/koonam.com\/de\/#organization","name":"Koonam Corp","url":"https:\/\/koonam.com\/de\/","logo":{"@type":"ImageObject","inLanguage":"de","@id":"https:\/\/koonam.com\/de\/#\/schema\/logo\/image\/","url":"https:\/\/koonam.com\/wp-content\/uploads\/2018\/12\/Logo-Koonam-Header.png","contentUrl":"https:\/\/koonam.com\/wp-content\/uploads\/2018\/12\/Logo-Koonam-Header.png","width":200,"height":44,"caption":"Koonam Corp"},"image":{"@id":"https:\/\/koonam.com\/de\/#\/schema\/logo\/image\/"},"sameAs":["https:\/\/www.facebook.com\/IndonesiaTourPackages\/"]}]}},"_links":{"self":[{"href":"https:\/\/koonam.com\/de\/wp-json\/wp\/v2\/pages\/13355","targetHints":{"allow":["GET"]}}],"collection":[{"href":"https:\/\/koonam.com\/de\/wp-json\/wp\/v2\/pages"}],"about":[{"href":"https:\/\/koonam.com\/de\/wp-json\/wp\/v2\/types\/page"}],"author":[{"embeddable":true,"href":"https:\/\/koonam.com\/de\/wp-json\/wp\/v2\/users\/4"}],"replies":[{"embeddable":true,"href":"https:\/\/koonam.com\/de\/wp-json\/wp\/v2\/comments?post=13355"}],"version-history":[{"count":5,"href":"https:\/\/koonam.com\/de\/wp-json\/wp\/v2\/pages\/13355\/revisions"}],"predecessor-version":[{"id":17247,"href":"https:\/\/koonam.com\/de\/wp-json\/wp\/v2\/pages\/13355\/revisions\/17247"}],"wp:featuredmedia":[{"embeddable":true,"href":"https:\/\/koonam.com\/de\/wp-json\/wp\/v2\/media\/12353"}],"wp:attachment":[{"href":"https:\/\/koonam.com\/de\/wp-json\/wp\/v2\/media?parent=13355"}],"curies":[{"name":"wp","href":"https:\/\/api.w.org\/{rel}","templated":true}]}}