{"id":13623,"date":"2016-11-27T17:47:14","date_gmt":"2016-11-27T17:47:14","guid":{"rendered":"https:\/\/koonam.com\/about-us\/"},"modified":"2023-07-07T04:37:39","modified_gmt":"2023-07-07T04:37:39","slug":"ueber-uns","status":"publish","type":"page","link":"https:\/\/koonam.com\/de\/ueber-uns\/","title":{"rendered":"\u00dcber uns"},"content":{"rendered":"","protected":false},"excerpt":{"rendered":"","protected":false},"author":4,"featured_media":12905,"parent":0,"menu_order":0,"comment_status":"closed","ping_status":"closed","template":"","meta":{"_mi_skip_tracking":false,"_monsterinsights_sitenote_active":false,"_monsterinsights_sitenote_note":"","_monsterinsights_sitenote_category":0,"footnotes":""},"class_list":["post-13623","page","type-page","status-publish","has-post-thumbnail","hentry"],"yoast_head":"<!-- This site is optimized with the Yoast SEO plugin v20.12 - https:\/\/yoast.com\/wordpress\/plugins\/seo\/ -->\n<title>\u00dcber uns - Koonam<\/title>\n<meta name=\"description\" content=\"Wenn Sie mehr \u00fcber Koonam erfahren m\u00f6chten, k\u00f6nnen Sie es hier besuchen, aber wenn Sie dies nicht tun, k\u00f6nnen Sie die Tour direkt buchen und mehr Vorteile erhalten\" \/>\n<meta name=\"robots\" content=\"index, follow, max-snippet:-1, max-image-preview:large, max-video-preview:-1\" \/>\n<link rel=\"canonical\" href=\"https:\/\/koonam.com\/de\/ueber-uns\/\" \/>\n<meta property=\"og:locale\" content=\"de_DE\" \/>\n<meta property=\"og:type\" content=\"article\" \/>\n<meta property=\"og:title\" content=\"\u00dcber uns - Koonam\" \/>\n<meta property=\"og:description\" content=\"Wenn Sie mehr \u00fcber Koonam erfahren m\u00f6chten, k\u00f6nnen Sie es hier besuchen, aber wenn Sie dies nicht tun, k\u00f6nnen Sie die Tour direkt buchen und mehr Vorteile erhalten\" \/>\n<meta property=\"og:url\" content=\"https:\/\/koonam.com\/de\/ueber-uns\/\" \/>\n<meta property=\"og:site_name\" content=\"Koonam\" \/>\n<meta property=\"article:publisher\" content=\"https:\/\/www.facebook.com\/IndonesiaTourPackages\/\" \/>\n<meta property=\"article:modified_time\" content=\"2023-07-07T04:37:39+00:00\" \/>\n<meta property=\"og:image\" content=\"https:\/\/koonam.com\/wp-content\/uploads\/2017\/01\/Swing-Bali-Tour-Packages-Koonam-b.jpg\" \/>\n\t<meta property=\"og:image:width\" content=\"857\" \/>\n\t<meta property=\"og:image:height\" content=\"570\" \/>\n\t<meta property=\"og:image:type\" content=\"image\/jpeg\" \/>\n<meta name=\"twitter:card\" content=\"summary_large_image\" \/>\n<script type=\"application\/ld+json\" class=\"yoast-schema-graph\">{\"@context\":\"https:\/\/schema.org\",\"@graph\":[{\"@type\":\"WebPage\",\"@id\":\"https:\/\/koonam.com\/de\/ueber-uns\/\",\"url\":\"https:\/\/koonam.com\/de\/ueber-uns\/\",\"name\":\"\u00dcber uns - Koonam\",\"isPartOf\":{\"@id\":\"https:\/\/koonam.com\/de\/#website\"},\"datePublished\":\"2016-11-27T17:47:14+00:00\",\"dateModified\":\"2023-07-07T04:37:39+00:00\",\"description\":\"Wenn Sie mehr \u00fcber Koonam erfahren m\u00f6chten, k\u00f6nnen Sie es hier besuchen, aber wenn Sie dies nicht tun, k\u00f6nnen Sie die Tour direkt buchen und mehr Vorteile erhalten\",\"breadcrumb\":{\"@id\":\"https:\/\/koonam.com\/de\/ueber-uns\/#breadcrumb\"},\"inLanguage\":\"de\",\"potentialAction\":[{\"@type\":\"ReadAction\",\"target\":[\"https:\/\/koonam.com\/de\/ueber-uns\/\"]}]},{\"@type\":\"BreadcrumbList\",\"@id\":\"https:\/\/koonam.com\/de\/ueber-uns\/#breadcrumb\",\"itemListElement\":[{\"@type\":\"ListItem\",\"position\":1,\"name\":\"Home\",\"item\":\"https:\/\/koonam.com\/de\/\"},{\"@type\":\"ListItem\",\"position\":2,\"name\":\"\u00dcber uns\"}]},{\"@type\":\"WebSite\",\"@id\":\"https:\/\/koonam.com\/de\/#website\",\"url\":\"https:\/\/koonam.com\/de\/\",\"name\":\"Koonam | Tour Travel Indonesia\",\"description\":\"Tour Travel Indonesia\",\"publisher\":{\"@id\":\"https:\/\/koonam.com\/de\/#organization\"},\"potentialAction\":[{\"@type\":\"SearchAction\",\"target\":{\"@type\":\"EntryPoint\",\"urlTemplate\":\"https:\/\/koonam.com\/de\/?s={search_term_string}\"},\"query-input\":\"required name=search_term_string\"}],\"inLanguage\":\"de\"},{\"@type\":\"Organization\",\"@id\":\"https:\/\/koonam.com\/de\/#organization\",\"name\":\"Koonam Corp\",\"url\":\"https:\/\/koonam.com\/de\/\",\"logo\":{\"@type\":\"ImageObject\",\"inLanguage\":\"de\",\"@id\":\"https:\/\/koonam.com\/de\/#\/schema\/logo\/image\/\",\"url\":\"https:\/\/koonam.com\/wp-content\/uploads\/2018\/12\/Logo-Koonam-Header.png\",\"contentUrl\":\"https:\/\/koonam.com\/wp-content\/uploads\/2018\/12\/Logo-Koonam-Header.png\",\"width\":200,\"height\":44,\"caption\":\"Koonam Corp\"},\"image\":{\"@id\":\"https:\/\/koonam.com\/de\/#\/schema\/logo\/image\/\"},\"sameAs\":[\"https:\/\/www.facebook.com\/IndonesiaTourPackages\/\"]}]}<\/script>\n<!-- \/ Yoast SEO plugin. -->","yoast_head_json":{"title":"\u00dcber uns - Koonam","description":"Wenn Sie mehr \u00fcber Koonam erfahren m\u00f6chten, k\u00f6nnen Sie es hier besuchen, aber wenn Sie dies nicht tun, k\u00f6nnen Sie die Tour direkt buchen und mehr Vorteile erhalten","robots":{"index":"index","follow":"follow","max-snippet":"max-snippet:-1","max-image-preview":"max-image-preview:large","max-video-preview":"max-video-preview:-1"},"canonical":"https:\/\/koonam.com\/de\/ueber-uns\/","og_locale":"de_DE","og_type":"article","og_title":"\u00dcber uns - Koonam","og_description":"Wenn Sie mehr \u00fcber Koonam erfahren m\u00f6chten, k\u00f6nnen Sie es hier besuchen, aber wenn Sie dies nicht tun, k\u00f6nnen Sie die Tour direkt buchen und mehr Vorteile erhalten","og_url":"https:\/\/koonam.com\/de\/ueber-uns\/","og_site_name":"Koonam","article_publisher":"https:\/\/www.facebook.com\/IndonesiaTourPackages\/","article_modified_time":"2023-07-07T04:37:39+00:00","og_image":[{"width":857,"height":570,"url":"https:\/\/koonam.com\/wp-content\/uploads\/2017\/01\/Swing-Bali-Tour-Packages-Koonam-b.jpg","type":"image\/jpeg"}],"twitter_card":"summary_large_image","schema":{"@context":"https:\/\/schema.org","@graph":[{"@type":"WebPage","@id":"https:\/\/koonam.com\/de\/ueber-uns\/","url":"https:\/\/koonam.com\/de\/ueber-uns\/","name":"\u00dcber uns - Koonam","isPartOf":{"@id":"https:\/\/koonam.com\/de\/#website"},"datePublished":"2016-11-27T17:47:14+00:00","dateModified":"2023-07-07T04:37:39+00:00","description":"Wenn Sie mehr \u00fcber Koonam erfahren m\u00f6chten, k\u00f6nnen Sie es hier besuchen, aber wenn Sie dies nicht tun, k\u00f6nnen Sie die Tour direkt buchen und mehr Vorteile erhalten","breadcrumb":{"@id":"https:\/\/koonam.com\/de\/ueber-uns\/#breadcrumb"},"inLanguage":"de","potentialAction":[{"@type":"ReadAction","target":["https:\/\/koonam.com\/de\/ueber-uns\/"]}]},{"@type":"BreadcrumbList","@id":"https:\/\/koonam.com\/de\/ueber-uns\/#breadcrumb","itemListElement":[{"@type":"ListItem","position":1,"name":"Home","item":"https:\/\/koonam.com\/de\/"},{"@type":"ListItem","position":2,"name":"\u00dcber uns"}]},{"@type":"WebSite","@id":"https:\/\/koonam.com\/de\/#website","url":"https:\/\/koonam.com\/de\/","name":"Koonam | Tour Travel Indonesia","description":"Tour Travel Indonesia","publisher":{"@id":"https:\/\/koonam.com\/de\/#organization"},"potentialAction":[{"@type":"SearchAction","target":{"@type":"EntryPoint","urlTemplate":"https:\/\/koonam.com\/de\/?s={search_term_string}"},"query-input":"required name=search_term_string"}],"inLanguage":"de"},{"@type":"Organization","@id":"https:\/\/koonam.com\/de\/#organization","name":"Koonam Corp","url":"https:\/\/koonam.com\/de\/","logo":{"@type":"ImageObject","inLanguage":"de","@id":"https:\/\/koonam.com\/de\/#\/schema\/logo\/image\/","url":"https:\/\/koonam.com\/wp-content\/uploads\/2018\/12\/Logo-Koonam-Header.png","contentUrl":"https:\/\/koonam.com\/wp-content\/uploads\/2018\/12\/Logo-Koonam-Header.png","width":200,"height":44,"caption":"Koonam Corp"},"image":{"@id":"https:\/\/koonam.com\/de\/#\/schema\/logo\/image\/"},"sameAs":["https:\/\/www.facebook.com\/IndonesiaTourPackages\/"]}]}},"_links":{"self":[{"href":"https:\/\/koonam.com\/de\/wp-json\/wp\/v2\/pages\/13623","targetHints":{"allow":["GET"]}}],"collection":[{"href":"https:\/\/koonam.com\/de\/wp-json\/wp\/v2\/pages"}],"about":[{"href":"https:\/\/koonam.com\/de\/wp-json\/wp\/v2\/types\/page"}],"author":[{"embeddable":true,"href":"https:\/\/koonam.com\/de\/wp-json\/wp\/v2\/users\/4"}],"replies":[{"embeddable":true,"href":"https:\/\/koonam.com\/de\/wp-json\/wp\/v2\/comments?post=13623"}],"version-history":[{"count":5,"href":"https:\/\/koonam.com\/de\/wp-json\/wp\/v2\/pages\/13623\/revisions"}],"predecessor-version":[{"id":17169,"href":"https:\/\/koonam.com\/de\/wp-json\/wp\/v2\/pages\/13623\/revisions\/17169"}],"wp:featuredmedia":[{"embeddable":true,"href":"https:\/\/koonam.com\/de\/wp-json\/wp\/v2\/media\/12905"}],"wp:attachment":[{"href":"https:\/\/koonam.com\/de\/wp-json\/wp\/v2\/media?parent=13623"}],"curies":[{"name":"wp","href":"https:\/\/api.w.org\/{rel}","templated":true}]}}