{"id":13311,"date":"2022-11-24T12:34:26","date_gmt":"2022-11-24T12:34:26","guid":{"rendered":"https:\/\/koonam.com\/east-java-tour-packages\/"},"modified":"2023-07-19T10:39:08","modified_gmt":"2023-07-19T10:39:08","slug":"paquetes-turisticos-de-java-oriental","status":"publish","type":"page","link":"https:\/\/koonam.com\/es\/paquetes-turisticos-de-java-oriental\/","title":{"rendered":"Paquetes tur\u00edsticos de Java Oriental"},"content":{"rendered":"","protected":false},"excerpt":{"rendered":"","protected":false},"author":4,"featured_media":12110,"parent":0,"menu_order":0,"comment_status":"closed","ping_status":"closed","template":"","meta":{"_mi_skip_tracking":false,"_monsterinsights_sitenote_active":false,"_monsterinsights_sitenote_note":"","_monsterinsights_sitenote_category":0,"footnotes":""},"class_list":["post-13311","page","type-page","status-publish","has-post-thumbnail","hentry"],"yoast_head":"<!-- This site is optimized with the Yoast SEO plugin v20.12 - https:\/\/yoast.com\/wordpress\/plugins\/seo\/ -->\n<title>Paquetes tur\u00edsticos de Java Oriental - Koonam<\/title>\n<meta name=\"description\" content=\"Java Oriental es una provincia ubicada en la parte este de la isla de Java, Indonesia. Es la segunda provincia m\u00e1s poblada de Indonesia, con una poblaci\u00f3n de alrededor de 40 millones de personas. La capital de Java Oriental es Surabaya, que es la segunda ciudad m\u00e1s grande de Indonesia despu\u00e9s de Yakarta.\" \/>\n<meta name=\"robots\" content=\"index, follow, max-snippet:-1, max-image-preview:large, max-video-preview:-1\" \/>\n<link rel=\"canonical\" href=\"https:\/\/koonam.com\/es\/paquetes-turisticos-de-java-oriental\/\" \/>\n<meta property=\"og:locale\" content=\"es_ES\" \/>\n<meta property=\"og:type\" content=\"article\" \/>\n<meta property=\"og:title\" content=\"Paquetes tur\u00edsticos de Java Oriental - Koonam\" \/>\n<meta property=\"og:description\" content=\"Java Oriental es una provincia ubicada en la parte este de la isla de Java, Indonesia. Es la segunda provincia m\u00e1s poblada de Indonesia, con una poblaci\u00f3n de alrededor de 40 millones de personas. La capital de Java Oriental es Surabaya, que es la segunda ciudad m\u00e1s grande de Indonesia despu\u00e9s de Yakarta.\" \/>\n<meta property=\"og:url\" content=\"https:\/\/koonam.com\/es\/paquetes-turisticos-de-java-oriental\/\" \/>\n<meta property=\"og:site_name\" content=\"Koonam\" \/>\n<meta property=\"article:publisher\" content=\"https:\/\/www.facebook.com\/IndonesiaTourPackages\/\" \/>\n<meta property=\"article:modified_time\" content=\"2023-07-19T10:39:08+00:00\" \/>\n<meta property=\"og:image\" content=\"https:\/\/koonam.com\/wp-content\/uploads\/2022\/07\/East-Java-Tour-Packages-Koonam.jpg\" \/>\n\t<meta property=\"og:image:width\" content=\"800\" \/>\n\t<meta property=\"og:image:height\" content=\"960\" \/>\n\t<meta property=\"og:image:type\" content=\"image\/jpeg\" \/>\n<meta name=\"twitter:card\" content=\"summary_large_image\" \/>\n<script type=\"application\/ld+json\" class=\"yoast-schema-graph\">{\"@context\":\"https:\/\/schema.org\",\"@graph\":[{\"@type\":\"WebPage\",\"@id\":\"https:\/\/koonam.com\/es\/paquetes-turisticos-de-java-oriental\/\",\"url\":\"https:\/\/koonam.com\/es\/paquetes-turisticos-de-java-oriental\/\",\"name\":\"Paquetes tur\u00edsticos de Java Oriental - Koonam\",\"isPartOf\":{\"@id\":\"https:\/\/koonam.com\/es\/#website\"},\"datePublished\":\"2022-11-24T12:34:26+00:00\",\"dateModified\":\"2023-07-19T10:39:08+00:00\",\"description\":\"Java Oriental es una provincia ubicada en la parte este de la isla de Java, Indonesia. Es la segunda provincia m\u00e1s poblada de Indonesia, con una poblaci\u00f3n de alrededor de 40 millones de personas. La capital de Java Oriental es Surabaya, que es la segunda ciudad m\u00e1s grande de Indonesia despu\u00e9s de Yakarta.\",\"breadcrumb\":{\"@id\":\"https:\/\/koonam.com\/es\/paquetes-turisticos-de-java-oriental\/#breadcrumb\"},\"inLanguage\":\"es\",\"potentialAction\":[{\"@type\":\"ReadAction\",\"target\":[\"https:\/\/koonam.com\/es\/paquetes-turisticos-de-java-oriental\/\"]}]},{\"@type\":\"BreadcrumbList\",\"@id\":\"https:\/\/koonam.com\/es\/paquetes-turisticos-de-java-oriental\/#breadcrumb\",\"itemListElement\":[{\"@type\":\"ListItem\",\"position\":1,\"name\":\"Home\",\"item\":\"https:\/\/koonam.com\/es\/\"},{\"@type\":\"ListItem\",\"position\":2,\"name\":\"Paquetes tur\u00edsticos de Java Oriental\"}]},{\"@type\":\"WebSite\",\"@id\":\"https:\/\/koonam.com\/es\/#website\",\"url\":\"https:\/\/koonam.com\/es\/\",\"name\":\"Koonam | Tour Travel Indonesia\",\"description\":\"Tour Travel Indonesia\",\"publisher\":{\"@id\":\"https:\/\/koonam.com\/es\/#organization\"},\"potentialAction\":[{\"@type\":\"SearchAction\",\"target\":{\"@type\":\"EntryPoint\",\"urlTemplate\":\"https:\/\/koonam.com\/es\/?s={search_term_string}\"},\"query-input\":\"required name=search_term_string\"}],\"inLanguage\":\"es\"},{\"@type\":\"Organization\",\"@id\":\"https:\/\/koonam.com\/es\/#organization\",\"name\":\"Koonam Corp\",\"url\":\"https:\/\/koonam.com\/es\/\",\"logo\":{\"@type\":\"ImageObject\",\"inLanguage\":\"es\",\"@id\":\"https:\/\/koonam.com\/es\/#\/schema\/logo\/image\/\",\"url\":\"https:\/\/koonam.com\/wp-content\/uploads\/2018\/12\/Logo-Koonam-Header.png\",\"contentUrl\":\"https:\/\/koonam.com\/wp-content\/uploads\/2018\/12\/Logo-Koonam-Header.png\",\"width\":200,\"height\":44,\"caption\":\"Koonam Corp\"},\"image\":{\"@id\":\"https:\/\/koonam.com\/es\/#\/schema\/logo\/image\/\"},\"sameAs\":[\"https:\/\/www.facebook.com\/IndonesiaTourPackages\/\"]}]}<\/script>\n<!-- \/ Yoast SEO plugin. -->","yoast_head_json":{"title":"Paquetes tur\u00edsticos de Java Oriental - Koonam","description":"Java Oriental es una provincia ubicada en la parte este de la isla de Java, Indonesia. Es la segunda provincia m\u00e1s poblada de Indonesia, con una poblaci\u00f3n de alrededor de 40 millones de personas. La capital de Java Oriental es Surabaya, que es la segunda ciudad m\u00e1s grande de Indonesia despu\u00e9s de Yakarta.","robots":{"index":"index","follow":"follow","max-snippet":"max-snippet:-1","max-image-preview":"max-image-preview:large","max-video-preview":"max-video-preview:-1"},"canonical":"https:\/\/koonam.com\/es\/paquetes-turisticos-de-java-oriental\/","og_locale":"es_ES","og_type":"article","og_title":"Paquetes tur\u00edsticos de Java Oriental - Koonam","og_description":"Java Oriental es una provincia ubicada en la parte este de la isla de Java, Indonesia. Es la segunda provincia m\u00e1s poblada de Indonesia, con una poblaci\u00f3n de alrededor de 40 millones de personas. La capital de Java Oriental es Surabaya, que es la segunda ciudad m\u00e1s grande de Indonesia despu\u00e9s de Yakarta.","og_url":"https:\/\/koonam.com\/es\/paquetes-turisticos-de-java-oriental\/","og_site_name":"Koonam","article_publisher":"https:\/\/www.facebook.com\/IndonesiaTourPackages\/","article_modified_time":"2023-07-19T10:39:08+00:00","og_image":[{"width":800,"height":960,"url":"https:\/\/koonam.com\/wp-content\/uploads\/2022\/07\/East-Java-Tour-Packages-Koonam.jpg","type":"image\/jpeg"}],"twitter_card":"summary_large_image","schema":{"@context":"https:\/\/schema.org","@graph":[{"@type":"WebPage","@id":"https:\/\/koonam.com\/es\/paquetes-turisticos-de-java-oriental\/","url":"https:\/\/koonam.com\/es\/paquetes-turisticos-de-java-oriental\/","name":"Paquetes tur\u00edsticos de Java Oriental - Koonam","isPartOf":{"@id":"https:\/\/koonam.com\/es\/#website"},"datePublished":"2022-11-24T12:34:26+00:00","dateModified":"2023-07-19T10:39:08+00:00","description":"Java Oriental es una provincia ubicada en la parte este de la isla de Java, Indonesia. Es la segunda provincia m\u00e1s poblada de Indonesia, con una poblaci\u00f3n de alrededor de 40 millones de personas. La capital de Java Oriental es Surabaya, que es la segunda ciudad m\u00e1s grande de Indonesia despu\u00e9s de Yakarta.","breadcrumb":{"@id":"https:\/\/koonam.com\/es\/paquetes-turisticos-de-java-oriental\/#breadcrumb"},"inLanguage":"es","potentialAction":[{"@type":"ReadAction","target":["https:\/\/koonam.com\/es\/paquetes-turisticos-de-java-oriental\/"]}]},{"@type":"BreadcrumbList","@id":"https:\/\/koonam.com\/es\/paquetes-turisticos-de-java-oriental\/#breadcrumb","itemListElement":[{"@type":"ListItem","position":1,"name":"Home","item":"https:\/\/koonam.com\/es\/"},{"@type":"ListItem","position":2,"name":"Paquetes tur\u00edsticos de Java Oriental"}]},{"@type":"WebSite","@id":"https:\/\/koonam.com\/es\/#website","url":"https:\/\/koonam.com\/es\/","name":"Koonam | Tour Travel Indonesia","description":"Tour Travel Indonesia","publisher":{"@id":"https:\/\/koonam.com\/es\/#organization"},"potentialAction":[{"@type":"SearchAction","target":{"@type":"EntryPoint","urlTemplate":"https:\/\/koonam.com\/es\/?s={search_term_string}"},"query-input":"required name=search_term_string"}],"inLanguage":"es"},{"@type":"Organization","@id":"https:\/\/koonam.com\/es\/#organization","name":"Koonam Corp","url":"https:\/\/koonam.com\/es\/","logo":{"@type":"ImageObject","inLanguage":"es","@id":"https:\/\/koonam.com\/es\/#\/schema\/logo\/image\/","url":"https:\/\/koonam.com\/wp-content\/uploads\/2018\/12\/Logo-Koonam-Header.png","contentUrl":"https:\/\/koonam.com\/wp-content\/uploads\/2018\/12\/Logo-Koonam-Header.png","width":200,"height":44,"caption":"Koonam Corp"},"image":{"@id":"https:\/\/koonam.com\/es\/#\/schema\/logo\/image\/"},"sameAs":["https:\/\/www.facebook.com\/IndonesiaTourPackages\/"]}]}},"_links":{"self":[{"href":"https:\/\/koonam.com\/es\/wp-json\/wp\/v2\/pages\/13311","targetHints":{"allow":["GET"]}}],"collection":[{"href":"https:\/\/koonam.com\/es\/wp-json\/wp\/v2\/pages"}],"about":[{"href":"https:\/\/koonam.com\/es\/wp-json\/wp\/v2\/types\/page"}],"author":[{"embeddable":true,"href":"https:\/\/koonam.com\/es\/wp-json\/wp\/v2\/users\/4"}],"replies":[{"embeddable":true,"href":"https:\/\/koonam.com\/es\/wp-json\/wp\/v2\/comments?post=13311"}],"version-history":[{"count":5,"href":"https:\/\/koonam.com\/es\/wp-json\/wp\/v2\/pages\/13311\/revisions"}],"predecessor-version":[{"id":17669,"href":"https:\/\/koonam.com\/es\/wp-json\/wp\/v2\/pages\/13311\/revisions\/17669"}],"wp:featuredmedia":[{"embeddable":true,"href":"https:\/\/koonam.com\/es\/wp-json\/wp\/v2\/media\/12110"}],"wp:attachment":[{"href":"https:\/\/koonam.com\/es\/wp-json\/wp\/v2\/media?parent=13311"}],"curies":[{"name":"wp","href":"https:\/\/api.w.org\/{rel}","templated":true}]}}