{"id":13628,"date":"2016-11-27T17:47:14","date_gmt":"2016-11-27T17:47:14","guid":{"rendered":"https:\/\/koonam.com\/about-us\/"},"modified":"2023-07-07T04:55:34","modified_gmt":"2023-07-07T04:55:34","slug":"sobre-nosotros","status":"publish","type":"page","link":"https:\/\/koonam.com\/es\/sobre-nosotros\/","title":{"rendered":"Sobre nosotros"},"content":{"rendered":"","protected":false},"excerpt":{"rendered":"","protected":false},"author":4,"featured_media":12910,"parent":0,"menu_order":0,"comment_status":"closed","ping_status":"closed","template":"","meta":{"_mi_skip_tracking":false,"_monsterinsights_sitenote_active":false,"_monsterinsights_sitenote_note":"","_monsterinsights_sitenote_category":0,"footnotes":""},"class_list":["post-13628","page","type-page","status-publish","has-post-thumbnail","hentry"],"yoast_head":"<!-- This site is optimized with the Yoast SEO plugin v20.12 - https:\/\/yoast.com\/wordpress\/plugins\/seo\/ -->\n<title>Sobre nosotros - Koonam<\/title>\n<meta name=\"description\" content=\"Si desea saber m\u00e1s sobre Koonam, puede visitar aqu\u00ed, pero si no, puede reservar directamente el recorrido y obtener m\u00e1s beneficios.\" \/>\n<meta name=\"robots\" content=\"index, follow, max-snippet:-1, max-image-preview:large, max-video-preview:-1\" \/>\n<link rel=\"canonical\" href=\"https:\/\/koonam.com\/es\/sobre-nosotros\/\" \/>\n<meta property=\"og:locale\" content=\"es_ES\" \/>\n<meta property=\"og:type\" content=\"article\" \/>\n<meta property=\"og:title\" content=\"Sobre nosotros - Koonam\" \/>\n<meta property=\"og:description\" content=\"Si desea saber m\u00e1s sobre Koonam, puede visitar aqu\u00ed, pero si no, puede reservar directamente el recorrido y obtener m\u00e1s beneficios.\" \/>\n<meta property=\"og:url\" content=\"https:\/\/koonam.com\/es\/sobre-nosotros\/\" \/>\n<meta property=\"og:site_name\" content=\"Koonam\" \/>\n<meta property=\"article:publisher\" content=\"https:\/\/www.facebook.com\/IndonesiaTourPackages\/\" \/>\n<meta property=\"article:modified_time\" content=\"2023-07-07T04:55:34+00:00\" \/>\n<meta property=\"og:image\" content=\"https:\/\/koonam.com\/wp-content\/uploads\/2017\/01\/Swing-Bali-Tour-Packages-Koonam-b.jpg\" \/>\n\t<meta property=\"og:image:width\" content=\"857\" \/>\n\t<meta property=\"og:image:height\" content=\"570\" \/>\n\t<meta property=\"og:image:type\" content=\"image\/jpeg\" \/>\n<meta name=\"twitter:card\" content=\"summary_large_image\" \/>\n<script type=\"application\/ld+json\" class=\"yoast-schema-graph\">{\"@context\":\"https:\/\/schema.org\",\"@graph\":[{\"@type\":\"WebPage\",\"@id\":\"https:\/\/koonam.com\/es\/sobre-nosotros\/\",\"url\":\"https:\/\/koonam.com\/es\/sobre-nosotros\/\",\"name\":\"Sobre nosotros - Koonam\",\"isPartOf\":{\"@id\":\"https:\/\/koonam.com\/es\/#website\"},\"datePublished\":\"2016-11-27T17:47:14+00:00\",\"dateModified\":\"2023-07-07T04:55:34+00:00\",\"description\":\"Si desea saber m\u00e1s sobre Koonam, puede visitar aqu\u00ed, pero si no, puede reservar directamente el recorrido y obtener m\u00e1s beneficios.\",\"breadcrumb\":{\"@id\":\"https:\/\/koonam.com\/es\/sobre-nosotros\/#breadcrumb\"},\"inLanguage\":\"es\",\"potentialAction\":[{\"@type\":\"ReadAction\",\"target\":[\"https:\/\/koonam.com\/es\/sobre-nosotros\/\"]}]},{\"@type\":\"BreadcrumbList\",\"@id\":\"https:\/\/koonam.com\/es\/sobre-nosotros\/#breadcrumb\",\"itemListElement\":[{\"@type\":\"ListItem\",\"position\":1,\"name\":\"Home\",\"item\":\"https:\/\/koonam.com\/es\/\"},{\"@type\":\"ListItem\",\"position\":2,\"name\":\"Sobre nosotros\"}]},{\"@type\":\"WebSite\",\"@id\":\"https:\/\/koonam.com\/es\/#website\",\"url\":\"https:\/\/koonam.com\/es\/\",\"name\":\"Koonam | Tour Travel Indonesia\",\"description\":\"Tour Travel Indonesia\",\"publisher\":{\"@id\":\"https:\/\/koonam.com\/es\/#organization\"},\"potentialAction\":[{\"@type\":\"SearchAction\",\"target\":{\"@type\":\"EntryPoint\",\"urlTemplate\":\"https:\/\/koonam.com\/es\/?s={search_term_string}\"},\"query-input\":\"required name=search_term_string\"}],\"inLanguage\":\"es\"},{\"@type\":\"Organization\",\"@id\":\"https:\/\/koonam.com\/es\/#organization\",\"name\":\"Koonam Corp\",\"url\":\"https:\/\/koonam.com\/es\/\",\"logo\":{\"@type\":\"ImageObject\",\"inLanguage\":\"es\",\"@id\":\"https:\/\/koonam.com\/es\/#\/schema\/logo\/image\/\",\"url\":\"https:\/\/koonam.com\/wp-content\/uploads\/2018\/12\/Logo-Koonam-Header.png\",\"contentUrl\":\"https:\/\/koonam.com\/wp-content\/uploads\/2018\/12\/Logo-Koonam-Header.png\",\"width\":200,\"height\":44,\"caption\":\"Koonam Corp\"},\"image\":{\"@id\":\"https:\/\/koonam.com\/es\/#\/schema\/logo\/image\/\"},\"sameAs\":[\"https:\/\/www.facebook.com\/IndonesiaTourPackages\/\"]}]}<\/script>\n<!-- \/ Yoast SEO plugin. -->","yoast_head_json":{"title":"Sobre nosotros - Koonam","description":"Si desea saber m\u00e1s sobre Koonam, puede visitar aqu\u00ed, pero si no, puede reservar directamente el recorrido y obtener m\u00e1s beneficios.","robots":{"index":"index","follow":"follow","max-snippet":"max-snippet:-1","max-image-preview":"max-image-preview:large","max-video-preview":"max-video-preview:-1"},"canonical":"https:\/\/koonam.com\/es\/sobre-nosotros\/","og_locale":"es_ES","og_type":"article","og_title":"Sobre nosotros - Koonam","og_description":"Si desea saber m\u00e1s sobre Koonam, puede visitar aqu\u00ed, pero si no, puede reservar directamente el recorrido y obtener m\u00e1s beneficios.","og_url":"https:\/\/koonam.com\/es\/sobre-nosotros\/","og_site_name":"Koonam","article_publisher":"https:\/\/www.facebook.com\/IndonesiaTourPackages\/","article_modified_time":"2023-07-07T04:55:34+00:00","og_image":[{"width":857,"height":570,"url":"https:\/\/koonam.com\/wp-content\/uploads\/2017\/01\/Swing-Bali-Tour-Packages-Koonam-b.jpg","type":"image\/jpeg"}],"twitter_card":"summary_large_image","schema":{"@context":"https:\/\/schema.org","@graph":[{"@type":"WebPage","@id":"https:\/\/koonam.com\/es\/sobre-nosotros\/","url":"https:\/\/koonam.com\/es\/sobre-nosotros\/","name":"Sobre nosotros - Koonam","isPartOf":{"@id":"https:\/\/koonam.com\/es\/#website"},"datePublished":"2016-11-27T17:47:14+00:00","dateModified":"2023-07-07T04:55:34+00:00","description":"Si desea saber m\u00e1s sobre Koonam, puede visitar aqu\u00ed, pero si no, puede reservar directamente el recorrido y obtener m\u00e1s beneficios.","breadcrumb":{"@id":"https:\/\/koonam.com\/es\/sobre-nosotros\/#breadcrumb"},"inLanguage":"es","potentialAction":[{"@type":"ReadAction","target":["https:\/\/koonam.com\/es\/sobre-nosotros\/"]}]},{"@type":"BreadcrumbList","@id":"https:\/\/koonam.com\/es\/sobre-nosotros\/#breadcrumb","itemListElement":[{"@type":"ListItem","position":1,"name":"Home","item":"https:\/\/koonam.com\/es\/"},{"@type":"ListItem","position":2,"name":"Sobre nosotros"}]},{"@type":"WebSite","@id":"https:\/\/koonam.com\/es\/#website","url":"https:\/\/koonam.com\/es\/","name":"Koonam | Tour Travel Indonesia","description":"Tour Travel Indonesia","publisher":{"@id":"https:\/\/koonam.com\/es\/#organization"},"potentialAction":[{"@type":"SearchAction","target":{"@type":"EntryPoint","urlTemplate":"https:\/\/koonam.com\/es\/?s={search_term_string}"},"query-input":"required name=search_term_string"}],"inLanguage":"es"},{"@type":"Organization","@id":"https:\/\/koonam.com\/es\/#organization","name":"Koonam Corp","url":"https:\/\/koonam.com\/es\/","logo":{"@type":"ImageObject","inLanguage":"es","@id":"https:\/\/koonam.com\/es\/#\/schema\/logo\/image\/","url":"https:\/\/koonam.com\/wp-content\/uploads\/2018\/12\/Logo-Koonam-Header.png","contentUrl":"https:\/\/koonam.com\/wp-content\/uploads\/2018\/12\/Logo-Koonam-Header.png","width":200,"height":44,"caption":"Koonam Corp"},"image":{"@id":"https:\/\/koonam.com\/es\/#\/schema\/logo\/image\/"},"sameAs":["https:\/\/www.facebook.com\/IndonesiaTourPackages\/"]}]}},"_links":{"self":[{"href":"https:\/\/koonam.com\/es\/wp-json\/wp\/v2\/pages\/13628","targetHints":{"allow":["GET"]}}],"collection":[{"href":"https:\/\/koonam.com\/es\/wp-json\/wp\/v2\/pages"}],"about":[{"href":"https:\/\/koonam.com\/es\/wp-json\/wp\/v2\/types\/page"}],"author":[{"embeddable":true,"href":"https:\/\/koonam.com\/es\/wp-json\/wp\/v2\/users\/4"}],"replies":[{"embeddable":true,"href":"https:\/\/koonam.com\/es\/wp-json\/wp\/v2\/comments?post=13628"}],"version-history":[{"count":5,"href":"https:\/\/koonam.com\/es\/wp-json\/wp\/v2\/pages\/13628\/revisions"}],"predecessor-version":[{"id":17176,"href":"https:\/\/koonam.com\/es\/wp-json\/wp\/v2\/pages\/13628\/revisions\/17176"}],"wp:featuredmedia":[{"embeddable":true,"href":"https:\/\/koonam.com\/es\/wp-json\/wp\/v2\/media\/12910"}],"wp:attachment":[{"href":"https:\/\/koonam.com\/es\/wp-json\/wp\/v2\/media?parent=13628"}],"curies":[{"name":"wp","href":"https:\/\/api.w.org\/{rel}","templated":true}]}}