{"id":13305,"date":"2022-11-24T12:34:26","date_gmt":"2022-11-24T12:34:26","guid":{"rendered":"https:\/\/koonam.com\/east-java-tour-packages\/"},"modified":"2023-07-19T10:08:40","modified_gmt":"2023-07-19T10:08:40","slug":"forfaits-touristiques-de-lest-de-java","status":"publish","type":"page","link":"https:\/\/koonam.com\/fr\/forfaits-touristiques-de-lest-de-java\/","title":{"rendered":"Forfaits touristiques de l&rsquo;est de Java"},"content":{"rendered":"","protected":false},"excerpt":{"rendered":"","protected":false},"author":4,"featured_media":12104,"parent":0,"menu_order":0,"comment_status":"closed","ping_status":"closed","template":"","meta":{"_mi_skip_tracking":false,"_monsterinsights_sitenote_active":false,"_monsterinsights_sitenote_note":"","_monsterinsights_sitenote_category":0,"footnotes":""},"class_list":["post-13305","page","type-page","status-publish","has-post-thumbnail","hentry"],"yoast_head":"<!-- This site is optimized with the Yoast SEO plugin v20.12 - https:\/\/yoast.com\/wordpress\/plugins\/seo\/ -->\n<title>Forfaits touristiques de l&#039;est de Java - Koonam<\/title>\n<meta name=\"description\" content=\"Java oriental est une province situ\u00e9e sur la partie orientale de l&#039;\u00eele de Java, en Indon\u00e9sie. C&#039;est la deuxi\u00e8me province la plus peupl\u00e9e d&#039;Indon\u00e9sie, avec une population d&#039;environ 40 millions d&#039;habitants. La capitale de l&#039;est de Java est Surabaya, qui est la deuxi\u00e8me plus grande ville d&#039;Indon\u00e9sie apr\u00e8s Jakarta.\" \/>\n<meta name=\"robots\" content=\"index, follow, max-snippet:-1, max-image-preview:large, max-video-preview:-1\" \/>\n<link rel=\"canonical\" href=\"https:\/\/koonam.com\/fr\/forfaits-touristiques-de-lest-de-java\/\" \/>\n<meta property=\"og:locale\" content=\"fr_FR\" \/>\n<meta property=\"og:type\" content=\"article\" \/>\n<meta property=\"og:title\" content=\"Forfaits touristiques de l&#039;est de Java - Koonam\" \/>\n<meta property=\"og:description\" content=\"Java oriental est une province situ\u00e9e sur la partie orientale de l&#039;\u00eele de Java, en Indon\u00e9sie. C&#039;est la deuxi\u00e8me province la plus peupl\u00e9e d&#039;Indon\u00e9sie, avec une population d&#039;environ 40 millions d&#039;habitants. La capitale de l&#039;est de Java est Surabaya, qui est la deuxi\u00e8me plus grande ville d&#039;Indon\u00e9sie apr\u00e8s Jakarta.\" \/>\n<meta property=\"og:url\" content=\"https:\/\/koonam.com\/fr\/forfaits-touristiques-de-lest-de-java\/\" \/>\n<meta property=\"og:site_name\" content=\"Koonam\" \/>\n<meta property=\"article:publisher\" content=\"https:\/\/www.facebook.com\/IndonesiaTourPackages\/\" \/>\n<meta property=\"article:modified_time\" content=\"2023-07-19T10:08:40+00:00\" \/>\n<meta property=\"og:image\" content=\"https:\/\/koonam.com\/wp-content\/uploads\/2022\/07\/East-Java-Tour-Packages-Koonam.jpg\" \/>\n\t<meta property=\"og:image:width\" content=\"800\" \/>\n\t<meta property=\"og:image:height\" content=\"960\" \/>\n\t<meta property=\"og:image:type\" content=\"image\/jpeg\" \/>\n<meta name=\"twitter:card\" content=\"summary_large_image\" \/>\n<script type=\"application\/ld+json\" class=\"yoast-schema-graph\">{\"@context\":\"https:\/\/schema.org\",\"@graph\":[{\"@type\":\"WebPage\",\"@id\":\"https:\/\/koonam.com\/fr\/forfaits-touristiques-de-lest-de-java\/\",\"url\":\"https:\/\/koonam.com\/fr\/forfaits-touristiques-de-lest-de-java\/\",\"name\":\"Forfaits touristiques de l'est de Java - Koonam\",\"isPartOf\":{\"@id\":\"https:\/\/koonam.com\/fr\/#website\"},\"datePublished\":\"2022-11-24T12:34:26+00:00\",\"dateModified\":\"2023-07-19T10:08:40+00:00\",\"description\":\"Java oriental est une province situ\u00e9e sur la partie orientale de l'\u00eele de Java, en Indon\u00e9sie. C'est la deuxi\u00e8me province la plus peupl\u00e9e d'Indon\u00e9sie, avec une population d'environ 40 millions d'habitants. La capitale de l'est de Java est Surabaya, qui est la deuxi\u00e8me plus grande ville d'Indon\u00e9sie apr\u00e8s Jakarta.\",\"breadcrumb\":{\"@id\":\"https:\/\/koonam.com\/fr\/forfaits-touristiques-de-lest-de-java\/#breadcrumb\"},\"inLanguage\":\"fr-FR\",\"potentialAction\":[{\"@type\":\"ReadAction\",\"target\":[\"https:\/\/koonam.com\/fr\/forfaits-touristiques-de-lest-de-java\/\"]}]},{\"@type\":\"BreadcrumbList\",\"@id\":\"https:\/\/koonam.com\/fr\/forfaits-touristiques-de-lest-de-java\/#breadcrumb\",\"itemListElement\":[{\"@type\":\"ListItem\",\"position\":1,\"name\":\"Home\",\"item\":\"https:\/\/koonam.com\/fr\/\"},{\"@type\":\"ListItem\",\"position\":2,\"name\":\"Forfaits touristiques de l&#8217;est de Java\"}]},{\"@type\":\"WebSite\",\"@id\":\"https:\/\/koonam.com\/fr\/#website\",\"url\":\"https:\/\/koonam.com\/fr\/\",\"name\":\"Koonam | Tour Travel Indonesia\",\"description\":\"Tour Travel Indonesia\",\"publisher\":{\"@id\":\"https:\/\/koonam.com\/fr\/#organization\"},\"potentialAction\":[{\"@type\":\"SearchAction\",\"target\":{\"@type\":\"EntryPoint\",\"urlTemplate\":\"https:\/\/koonam.com\/fr\/?s={search_term_string}\"},\"query-input\":\"required name=search_term_string\"}],\"inLanguage\":\"fr-FR\"},{\"@type\":\"Organization\",\"@id\":\"https:\/\/koonam.com\/fr\/#organization\",\"name\":\"Koonam Corp\",\"url\":\"https:\/\/koonam.com\/fr\/\",\"logo\":{\"@type\":\"ImageObject\",\"inLanguage\":\"fr-FR\",\"@id\":\"https:\/\/koonam.com\/fr\/#\/schema\/logo\/image\/\",\"url\":\"https:\/\/koonam.com\/wp-content\/uploads\/2018\/12\/Logo-Koonam-Header.png\",\"contentUrl\":\"https:\/\/koonam.com\/wp-content\/uploads\/2018\/12\/Logo-Koonam-Header.png\",\"width\":200,\"height\":44,\"caption\":\"Koonam Corp\"},\"image\":{\"@id\":\"https:\/\/koonam.com\/fr\/#\/schema\/logo\/image\/\"},\"sameAs\":[\"https:\/\/www.facebook.com\/IndonesiaTourPackages\/\"]}]}<\/script>\n<!-- \/ Yoast SEO plugin. -->","yoast_head_json":{"title":"Forfaits touristiques de l'est de Java - Koonam","description":"Java oriental est une province situ\u00e9e sur la partie orientale de l'\u00eele de Java, en Indon\u00e9sie. C'est la deuxi\u00e8me province la plus peupl\u00e9e d'Indon\u00e9sie, avec une population d'environ 40 millions d'habitants. La capitale de l'est de Java est Surabaya, qui est la deuxi\u00e8me plus grande ville d'Indon\u00e9sie apr\u00e8s Jakarta.","robots":{"index":"index","follow":"follow","max-snippet":"max-snippet:-1","max-image-preview":"max-image-preview:large","max-video-preview":"max-video-preview:-1"},"canonical":"https:\/\/koonam.com\/fr\/forfaits-touristiques-de-lest-de-java\/","og_locale":"fr_FR","og_type":"article","og_title":"Forfaits touristiques de l'est de Java - Koonam","og_description":"Java oriental est une province situ\u00e9e sur la partie orientale de l'\u00eele de Java, en Indon\u00e9sie. C'est la deuxi\u00e8me province la plus peupl\u00e9e d'Indon\u00e9sie, avec une population d'environ 40 millions d'habitants. La capitale de l'est de Java est Surabaya, qui est la deuxi\u00e8me plus grande ville d'Indon\u00e9sie apr\u00e8s Jakarta.","og_url":"https:\/\/koonam.com\/fr\/forfaits-touristiques-de-lest-de-java\/","og_site_name":"Koonam","article_publisher":"https:\/\/www.facebook.com\/IndonesiaTourPackages\/","article_modified_time":"2023-07-19T10:08:40+00:00","og_image":[{"width":800,"height":960,"url":"https:\/\/koonam.com\/wp-content\/uploads\/2022\/07\/East-Java-Tour-Packages-Koonam.jpg","type":"image\/jpeg"}],"twitter_card":"summary_large_image","schema":{"@context":"https:\/\/schema.org","@graph":[{"@type":"WebPage","@id":"https:\/\/koonam.com\/fr\/forfaits-touristiques-de-lest-de-java\/","url":"https:\/\/koonam.com\/fr\/forfaits-touristiques-de-lest-de-java\/","name":"Forfaits touristiques de l'est de Java - Koonam","isPartOf":{"@id":"https:\/\/koonam.com\/fr\/#website"},"datePublished":"2022-11-24T12:34:26+00:00","dateModified":"2023-07-19T10:08:40+00:00","description":"Java oriental est une province situ\u00e9e sur la partie orientale de l'\u00eele de Java, en Indon\u00e9sie. C'est la deuxi\u00e8me province la plus peupl\u00e9e d'Indon\u00e9sie, avec une population d'environ 40 millions d'habitants. La capitale de l'est de Java est Surabaya, qui est la deuxi\u00e8me plus grande ville d'Indon\u00e9sie apr\u00e8s Jakarta.","breadcrumb":{"@id":"https:\/\/koonam.com\/fr\/forfaits-touristiques-de-lest-de-java\/#breadcrumb"},"inLanguage":"fr-FR","potentialAction":[{"@type":"ReadAction","target":["https:\/\/koonam.com\/fr\/forfaits-touristiques-de-lest-de-java\/"]}]},{"@type":"BreadcrumbList","@id":"https:\/\/koonam.com\/fr\/forfaits-touristiques-de-lest-de-java\/#breadcrumb","itemListElement":[{"@type":"ListItem","position":1,"name":"Home","item":"https:\/\/koonam.com\/fr\/"},{"@type":"ListItem","position":2,"name":"Forfaits touristiques de l&#8217;est de Java"}]},{"@type":"WebSite","@id":"https:\/\/koonam.com\/fr\/#website","url":"https:\/\/koonam.com\/fr\/","name":"Koonam | Tour Travel Indonesia","description":"Tour Travel Indonesia","publisher":{"@id":"https:\/\/koonam.com\/fr\/#organization"},"potentialAction":[{"@type":"SearchAction","target":{"@type":"EntryPoint","urlTemplate":"https:\/\/koonam.com\/fr\/?s={search_term_string}"},"query-input":"required name=search_term_string"}],"inLanguage":"fr-FR"},{"@type":"Organization","@id":"https:\/\/koonam.com\/fr\/#organization","name":"Koonam Corp","url":"https:\/\/koonam.com\/fr\/","logo":{"@type":"ImageObject","inLanguage":"fr-FR","@id":"https:\/\/koonam.com\/fr\/#\/schema\/logo\/image\/","url":"https:\/\/koonam.com\/wp-content\/uploads\/2018\/12\/Logo-Koonam-Header.png","contentUrl":"https:\/\/koonam.com\/wp-content\/uploads\/2018\/12\/Logo-Koonam-Header.png","width":200,"height":44,"caption":"Koonam Corp"},"image":{"@id":"https:\/\/koonam.com\/fr\/#\/schema\/logo\/image\/"},"sameAs":["https:\/\/www.facebook.com\/IndonesiaTourPackages\/"]}]}},"_links":{"self":[{"href":"https:\/\/koonam.com\/fr\/wp-json\/wp\/v2\/pages\/13305","targetHints":{"allow":["GET"]}}],"collection":[{"href":"https:\/\/koonam.com\/fr\/wp-json\/wp\/v2\/pages"}],"about":[{"href":"https:\/\/koonam.com\/fr\/wp-json\/wp\/v2\/types\/page"}],"author":[{"embeddable":true,"href":"https:\/\/koonam.com\/fr\/wp-json\/wp\/v2\/users\/4"}],"replies":[{"embeddable":true,"href":"https:\/\/koonam.com\/fr\/wp-json\/wp\/v2\/comments?post=13305"}],"version-history":[{"count":5,"href":"https:\/\/koonam.com\/fr\/wp-json\/wp\/v2\/pages\/13305\/revisions"}],"predecessor-version":[{"id":17662,"href":"https:\/\/koonam.com\/fr\/wp-json\/wp\/v2\/pages\/13305\/revisions\/17662"}],"wp:featuredmedia":[{"embeddable":true,"href":"https:\/\/koonam.com\/fr\/wp-json\/wp\/v2\/media\/12104"}],"wp:attachment":[{"href":"https:\/\/koonam.com\/fr\/wp-json\/wp\/v2\/media?parent=13305"}],"curies":[{"name":"wp","href":"https:\/\/api.w.org\/{rel}","templated":true}]}}