{"id":13354,"date":"2022-11-24T12:53:08","date_gmt":"2022-11-24T12:53:08","guid":{"rendered":"https:\/\/koonam.com\/lombok-tour-packages\/"},"modified":"2023-07-12T14:17:21","modified_gmt":"2023-07-12T14:17:21","slug":"forfaits-touristiques-a-lombok","status":"publish","type":"page","link":"https:\/\/koonam.com\/fr\/forfaits-touristiques-a-lombok\/","title":{"rendered":"Forfaits touristiques \u00e0 Lombok"},"content":{"rendered":"","protected":false},"excerpt":{"rendered":"","protected":false},"author":4,"featured_media":12352,"parent":0,"menu_order":0,"comment_status":"closed","ping_status":"closed","template":"","meta":{"_mi_skip_tracking":false,"_monsterinsights_sitenote_active":false,"_monsterinsights_sitenote_note":"","_monsterinsights_sitenote_category":0,"footnotes":""},"class_list":["post-13354","page","type-page","status-publish","has-post-thumbnail","hentry"],"yoast_head":"<!-- This site is optimized with the Yoast SEO plugin v20.12 - https:\/\/yoast.com\/wordpress\/plugins\/seo\/ -->\n<title>Forfaits touristiques \u00e0 Lombok - Koonam<\/title>\n<meta name=\"description\" content=\"Lombok est une destination id\u00e9ale pour les voyageurs qui souhaitent d\u00e9couvrir la beaut\u00e9 naturelle, le patrimoine culturel et la cuisine indon\u00e9sienne \u00e9pic\u00e9e. Le patrimoine culturel de Lombok est un m\u00e9lange unique de traditions indig\u00e8nes Sasak et d&#039;influences ext\u00e9rieures de Bali et de Java, r\u00e9sultant en une culture riche et dynamique qui vaut la peine d&#039;\u00eatre explor\u00e9e pour les visiteurs de l&#039;\u00eele.\" \/>\n<meta name=\"robots\" content=\"index, follow, max-snippet:-1, max-image-preview:large, max-video-preview:-1\" \/>\n<link rel=\"canonical\" href=\"https:\/\/koonam.com\/fr\/forfaits-touristiques-a-lombok\/\" \/>\n<meta property=\"og:locale\" content=\"fr_FR\" \/>\n<meta property=\"og:type\" content=\"article\" \/>\n<meta property=\"og:title\" content=\"Forfaits touristiques \u00e0 Lombok - Koonam\" \/>\n<meta property=\"og:description\" content=\"Lombok est une destination id\u00e9ale pour les voyageurs qui souhaitent d\u00e9couvrir la beaut\u00e9 naturelle, le patrimoine culturel et la cuisine indon\u00e9sienne \u00e9pic\u00e9e. Le patrimoine culturel de Lombok est un m\u00e9lange unique de traditions indig\u00e8nes Sasak et d&#039;influences ext\u00e9rieures de Bali et de Java, r\u00e9sultant en une culture riche et dynamique qui vaut la peine d&#039;\u00eatre explor\u00e9e pour les visiteurs de l&#039;\u00eele.\" \/>\n<meta property=\"og:url\" content=\"https:\/\/koonam.com\/fr\/forfaits-touristiques-a-lombok\/\" \/>\n<meta property=\"og:site_name\" content=\"Koonam\" \/>\n<meta property=\"article:publisher\" content=\"https:\/\/www.facebook.com\/IndonesiaTourPackages\/\" \/>\n<meta property=\"article:modified_time\" content=\"2023-07-12T14:17:21+00:00\" \/>\n<meta property=\"og:image\" content=\"https:\/\/koonam.com\/wp-content\/uploads\/2017\/01\/Labuhan-Pandan-Lombok-Tour-Packages-Koonam.jpg\" \/>\n\t<meta property=\"og:image:width\" content=\"857\" \/>\n\t<meta property=\"og:image:height\" content=\"570\" \/>\n\t<meta property=\"og:image:type\" content=\"image\/jpeg\" \/>\n<meta name=\"twitter:card\" content=\"summary_large_image\" \/>\n<script type=\"application\/ld+json\" class=\"yoast-schema-graph\">{\"@context\":\"https:\/\/schema.org\",\"@graph\":[{\"@type\":\"WebPage\",\"@id\":\"https:\/\/koonam.com\/fr\/forfaits-touristiques-a-lombok\/\",\"url\":\"https:\/\/koonam.com\/fr\/forfaits-touristiques-a-lombok\/\",\"name\":\"Forfaits touristiques \u00e0 Lombok - Koonam\",\"isPartOf\":{\"@id\":\"https:\/\/koonam.com\/fr\/#website\"},\"datePublished\":\"2022-11-24T12:53:08+00:00\",\"dateModified\":\"2023-07-12T14:17:21+00:00\",\"description\":\"Lombok est une destination id\u00e9ale pour les voyageurs qui souhaitent d\u00e9couvrir la beaut\u00e9 naturelle, le patrimoine culturel et la cuisine indon\u00e9sienne \u00e9pic\u00e9e. Le patrimoine culturel de Lombok est un m\u00e9lange unique de traditions indig\u00e8nes Sasak et d'influences ext\u00e9rieures de Bali et de Java, r\u00e9sultant en une culture riche et dynamique qui vaut la peine d'\u00eatre explor\u00e9e pour les visiteurs de l'\u00eele.\",\"breadcrumb\":{\"@id\":\"https:\/\/koonam.com\/fr\/forfaits-touristiques-a-lombok\/#breadcrumb\"},\"inLanguage\":\"fr-FR\",\"potentialAction\":[{\"@type\":\"ReadAction\",\"target\":[\"https:\/\/koonam.com\/fr\/forfaits-touristiques-a-lombok\/\"]}]},{\"@type\":\"BreadcrumbList\",\"@id\":\"https:\/\/koonam.com\/fr\/forfaits-touristiques-a-lombok\/#breadcrumb\",\"itemListElement\":[{\"@type\":\"ListItem\",\"position\":1,\"name\":\"Home\",\"item\":\"https:\/\/koonam.com\/fr\/\"},{\"@type\":\"ListItem\",\"position\":2,\"name\":\"Forfaits touristiques \u00e0 Lombok\"}]},{\"@type\":\"WebSite\",\"@id\":\"https:\/\/koonam.com\/fr\/#website\",\"url\":\"https:\/\/koonam.com\/fr\/\",\"name\":\"Koonam | Tour Travel Indonesia\",\"description\":\"Tour Travel Indonesia\",\"publisher\":{\"@id\":\"https:\/\/koonam.com\/fr\/#organization\"},\"potentialAction\":[{\"@type\":\"SearchAction\",\"target\":{\"@type\":\"EntryPoint\",\"urlTemplate\":\"https:\/\/koonam.com\/fr\/?s={search_term_string}\"},\"query-input\":\"required name=search_term_string\"}],\"inLanguage\":\"fr-FR\"},{\"@type\":\"Organization\",\"@id\":\"https:\/\/koonam.com\/fr\/#organization\",\"name\":\"Koonam Corp\",\"url\":\"https:\/\/koonam.com\/fr\/\",\"logo\":{\"@type\":\"ImageObject\",\"inLanguage\":\"fr-FR\",\"@id\":\"https:\/\/koonam.com\/fr\/#\/schema\/logo\/image\/\",\"url\":\"https:\/\/koonam.com\/wp-content\/uploads\/2018\/12\/Logo-Koonam-Header.png\",\"contentUrl\":\"https:\/\/koonam.com\/wp-content\/uploads\/2018\/12\/Logo-Koonam-Header.png\",\"width\":200,\"height\":44,\"caption\":\"Koonam Corp\"},\"image\":{\"@id\":\"https:\/\/koonam.com\/fr\/#\/schema\/logo\/image\/\"},\"sameAs\":[\"https:\/\/www.facebook.com\/IndonesiaTourPackages\/\"]}]}<\/script>\n<!-- \/ Yoast SEO plugin. -->","yoast_head_json":{"title":"Forfaits touristiques \u00e0 Lombok - Koonam","description":"Lombok est une destination id\u00e9ale pour les voyageurs qui souhaitent d\u00e9couvrir la beaut\u00e9 naturelle, le patrimoine culturel et la cuisine indon\u00e9sienne \u00e9pic\u00e9e. Le patrimoine culturel de Lombok est un m\u00e9lange unique de traditions indig\u00e8nes Sasak et d'influences ext\u00e9rieures de Bali et de Java, r\u00e9sultant en une culture riche et dynamique qui vaut la peine d'\u00eatre explor\u00e9e pour les visiteurs de l'\u00eele.","robots":{"index":"index","follow":"follow","max-snippet":"max-snippet:-1","max-image-preview":"max-image-preview:large","max-video-preview":"max-video-preview:-1"},"canonical":"https:\/\/koonam.com\/fr\/forfaits-touristiques-a-lombok\/","og_locale":"fr_FR","og_type":"article","og_title":"Forfaits touristiques \u00e0 Lombok - Koonam","og_description":"Lombok est une destination id\u00e9ale pour les voyageurs qui souhaitent d\u00e9couvrir la beaut\u00e9 naturelle, le patrimoine culturel et la cuisine indon\u00e9sienne \u00e9pic\u00e9e. Le patrimoine culturel de Lombok est un m\u00e9lange unique de traditions indig\u00e8nes Sasak et d'influences ext\u00e9rieures de Bali et de Java, r\u00e9sultant en une culture riche et dynamique qui vaut la peine d'\u00eatre explor\u00e9e pour les visiteurs de l'\u00eele.","og_url":"https:\/\/koonam.com\/fr\/forfaits-touristiques-a-lombok\/","og_site_name":"Koonam","article_publisher":"https:\/\/www.facebook.com\/IndonesiaTourPackages\/","article_modified_time":"2023-07-12T14:17:21+00:00","og_image":[{"width":857,"height":570,"url":"https:\/\/koonam.com\/wp-content\/uploads\/2017\/01\/Labuhan-Pandan-Lombok-Tour-Packages-Koonam.jpg","type":"image\/jpeg"}],"twitter_card":"summary_large_image","schema":{"@context":"https:\/\/schema.org","@graph":[{"@type":"WebPage","@id":"https:\/\/koonam.com\/fr\/forfaits-touristiques-a-lombok\/","url":"https:\/\/koonam.com\/fr\/forfaits-touristiques-a-lombok\/","name":"Forfaits touristiques \u00e0 Lombok - Koonam","isPartOf":{"@id":"https:\/\/koonam.com\/fr\/#website"},"datePublished":"2022-11-24T12:53:08+00:00","dateModified":"2023-07-12T14:17:21+00:00","description":"Lombok est une destination id\u00e9ale pour les voyageurs qui souhaitent d\u00e9couvrir la beaut\u00e9 naturelle, le patrimoine culturel et la cuisine indon\u00e9sienne \u00e9pic\u00e9e. Le patrimoine culturel de Lombok est un m\u00e9lange unique de traditions indig\u00e8nes Sasak et d'influences ext\u00e9rieures de Bali et de Java, r\u00e9sultant en une culture riche et dynamique qui vaut la peine d'\u00eatre explor\u00e9e pour les visiteurs de l'\u00eele.","breadcrumb":{"@id":"https:\/\/koonam.com\/fr\/forfaits-touristiques-a-lombok\/#breadcrumb"},"inLanguage":"fr-FR","potentialAction":[{"@type":"ReadAction","target":["https:\/\/koonam.com\/fr\/forfaits-touristiques-a-lombok\/"]}]},{"@type":"BreadcrumbList","@id":"https:\/\/koonam.com\/fr\/forfaits-touristiques-a-lombok\/#breadcrumb","itemListElement":[{"@type":"ListItem","position":1,"name":"Home","item":"https:\/\/koonam.com\/fr\/"},{"@type":"ListItem","position":2,"name":"Forfaits touristiques \u00e0 Lombok"}]},{"@type":"WebSite","@id":"https:\/\/koonam.com\/fr\/#website","url":"https:\/\/koonam.com\/fr\/","name":"Koonam | Tour Travel Indonesia","description":"Tour Travel Indonesia","publisher":{"@id":"https:\/\/koonam.com\/fr\/#organization"},"potentialAction":[{"@type":"SearchAction","target":{"@type":"EntryPoint","urlTemplate":"https:\/\/koonam.com\/fr\/?s={search_term_string}"},"query-input":"required name=search_term_string"}],"inLanguage":"fr-FR"},{"@type":"Organization","@id":"https:\/\/koonam.com\/fr\/#organization","name":"Koonam Corp","url":"https:\/\/koonam.com\/fr\/","logo":{"@type":"ImageObject","inLanguage":"fr-FR","@id":"https:\/\/koonam.com\/fr\/#\/schema\/logo\/image\/","url":"https:\/\/koonam.com\/wp-content\/uploads\/2018\/12\/Logo-Koonam-Header.png","contentUrl":"https:\/\/koonam.com\/wp-content\/uploads\/2018\/12\/Logo-Koonam-Header.png","width":200,"height":44,"caption":"Koonam Corp"},"image":{"@id":"https:\/\/koonam.com\/fr\/#\/schema\/logo\/image\/"},"sameAs":["https:\/\/www.facebook.com\/IndonesiaTourPackages\/"]}]}},"_links":{"self":[{"href":"https:\/\/koonam.com\/fr\/wp-json\/wp\/v2\/pages\/13354","targetHints":{"allow":["GET"]}}],"collection":[{"href":"https:\/\/koonam.com\/fr\/wp-json\/wp\/v2\/pages"}],"about":[{"href":"https:\/\/koonam.com\/fr\/wp-json\/wp\/v2\/types\/page"}],"author":[{"embeddable":true,"href":"https:\/\/koonam.com\/fr\/wp-json\/wp\/v2\/users\/4"}],"replies":[{"embeddable":true,"href":"https:\/\/koonam.com\/fr\/wp-json\/wp\/v2\/comments?post=13354"}],"version-history":[{"count":5,"href":"https:\/\/koonam.com\/fr\/wp-json\/wp\/v2\/pages\/13354\/revisions"}],"predecessor-version":[{"id":17246,"href":"https:\/\/koonam.com\/fr\/wp-json\/wp\/v2\/pages\/13354\/revisions\/17246"}],"wp:featuredmedia":[{"embeddable":true,"href":"https:\/\/koonam.com\/fr\/wp-json\/wp\/v2\/media\/12352"}],"wp:attachment":[{"href":"https:\/\/koonam.com\/fr\/wp-json\/wp\/v2\/media?parent=13354"}],"curies":[{"name":"wp","href":"https:\/\/api.w.org\/{rel}","templated":true}]}}