{"id":13373,"date":"2022-11-24T12:57:25","date_gmt":"2022-11-24T12:57:25","guid":{"rendered":"https:\/\/koonam.com\/yogya-tour-packages\/"},"modified":"2023-07-17T07:55:27","modified_gmt":"2023-07-17T07:55:27","slug":"forfaits-touristiques-yogya","status":"publish","type":"page","link":"https:\/\/koonam.com\/fr\/forfaits-touristiques-yogya\/","title":{"rendered":"Forfaits touristiques Yogya"},"content":{"rendered":"","protected":false},"excerpt":{"rendered":"","protected":false},"author":4,"featured_media":13112,"parent":0,"menu_order":0,"comment_status":"closed","ping_status":"closed","template":"","meta":{"_mi_skip_tracking":false,"_monsterinsights_sitenote_active":false,"_monsterinsights_sitenote_note":"","_monsterinsights_sitenote_category":0,"footnotes":""},"class_list":["post-13373","page","type-page","status-publish","has-post-thumbnail","hentry"],"yoast_head":"<!-- This site is optimized with the Yoast SEO plugin v20.12 - https:\/\/yoast.com\/wordpress\/plugins\/seo\/ -->\n<title>Forfaits touristiques Yogya - Koonam<\/title>\n<meta name=\"description\" content=\"Yogyakarta, \u00e9galement connue sous le nom de Jogja, est une ville situ\u00e9e au centre de Java, en Indon\u00e9sie. C&#039;est une destination touristique populaire et un centre culturel, connu pour ses riches traditions javanaises, sa sc\u00e8ne artistique dynamique et ses monuments historiques.\" \/>\n<meta name=\"robots\" content=\"index, follow, max-snippet:-1, max-image-preview:large, max-video-preview:-1\" \/>\n<link rel=\"canonical\" href=\"https:\/\/koonam.com\/fr\/forfaits-touristiques-yogya\/\" \/>\n<meta property=\"og:locale\" content=\"fr_FR\" \/>\n<meta property=\"og:type\" content=\"article\" \/>\n<meta property=\"og:title\" content=\"Forfaits touristiques Yogya - Koonam\" \/>\n<meta property=\"og:description\" content=\"Yogyakarta, \u00e9galement connue sous le nom de Jogja, est une ville situ\u00e9e au centre de Java, en Indon\u00e9sie. C&#039;est une destination touristique populaire et un centre culturel, connu pour ses riches traditions javanaises, sa sc\u00e8ne artistique dynamique et ses monuments historiques.\" \/>\n<meta property=\"og:url\" content=\"https:\/\/koonam.com\/fr\/forfaits-touristiques-yogya\/\" \/>\n<meta property=\"og:site_name\" content=\"Koonam\" \/>\n<meta property=\"article:publisher\" content=\"https:\/\/www.facebook.com\/IndonesiaTourPackages\/\" \/>\n<meta property=\"article:modified_time\" content=\"2023-07-17T07:55:27+00:00\" \/>\n<meta property=\"og:image\" content=\"https:\/\/koonam.com\/wp-content\/uploads\/2022\/11\/Jomblang-Cave-_-Yogyakarta-Tour-Packages-_-Koonam-1.jpg\" \/>\n\t<meta property=\"og:image:width\" content=\"857\" \/>\n\t<meta property=\"og:image:height\" content=\"570\" \/>\n\t<meta property=\"og:image:type\" content=\"image\/jpeg\" \/>\n<meta name=\"twitter:card\" content=\"summary_large_image\" \/>\n<script type=\"application\/ld+json\" class=\"yoast-schema-graph\">{\"@context\":\"https:\/\/schema.org\",\"@graph\":[{\"@type\":\"WebPage\",\"@id\":\"https:\/\/koonam.com\/fr\/forfaits-touristiques-yogya\/\",\"url\":\"https:\/\/koonam.com\/fr\/forfaits-touristiques-yogya\/\",\"name\":\"Forfaits touristiques Yogya - Koonam\",\"isPartOf\":{\"@id\":\"https:\/\/koonam.com\/fr\/#website\"},\"datePublished\":\"2022-11-24T12:57:25+00:00\",\"dateModified\":\"2023-07-17T07:55:27+00:00\",\"description\":\"Yogyakarta, \u00e9galement connue sous le nom de Jogja, est une ville situ\u00e9e au centre de Java, en Indon\u00e9sie. C'est une destination touristique populaire et un centre culturel, connu pour ses riches traditions javanaises, sa sc\u00e8ne artistique dynamique et ses monuments historiques.\",\"breadcrumb\":{\"@id\":\"https:\/\/koonam.com\/fr\/forfaits-touristiques-yogya\/#breadcrumb\"},\"inLanguage\":\"fr-FR\",\"potentialAction\":[{\"@type\":\"ReadAction\",\"target\":[\"https:\/\/koonam.com\/fr\/forfaits-touristiques-yogya\/\"]}]},{\"@type\":\"BreadcrumbList\",\"@id\":\"https:\/\/koonam.com\/fr\/forfaits-touristiques-yogya\/#breadcrumb\",\"itemListElement\":[{\"@type\":\"ListItem\",\"position\":1,\"name\":\"Home\",\"item\":\"https:\/\/koonam.com\/fr\/\"},{\"@type\":\"ListItem\",\"position\":2,\"name\":\"Forfaits touristiques Yogya\"}]},{\"@type\":\"WebSite\",\"@id\":\"https:\/\/koonam.com\/fr\/#website\",\"url\":\"https:\/\/koonam.com\/fr\/\",\"name\":\"Koonam | Tour Travel Indonesia\",\"description\":\"Tour Travel Indonesia\",\"publisher\":{\"@id\":\"https:\/\/koonam.com\/fr\/#organization\"},\"potentialAction\":[{\"@type\":\"SearchAction\",\"target\":{\"@type\":\"EntryPoint\",\"urlTemplate\":\"https:\/\/koonam.com\/fr\/?s={search_term_string}\"},\"query-input\":\"required name=search_term_string\"}],\"inLanguage\":\"fr-FR\"},{\"@type\":\"Organization\",\"@id\":\"https:\/\/koonam.com\/fr\/#organization\",\"name\":\"Koonam Corp\",\"url\":\"https:\/\/koonam.com\/fr\/\",\"logo\":{\"@type\":\"ImageObject\",\"inLanguage\":\"fr-FR\",\"@id\":\"https:\/\/koonam.com\/fr\/#\/schema\/logo\/image\/\",\"url\":\"https:\/\/koonam.com\/wp-content\/uploads\/2018\/12\/Logo-Koonam-Header.png\",\"contentUrl\":\"https:\/\/koonam.com\/wp-content\/uploads\/2018\/12\/Logo-Koonam-Header.png\",\"width\":200,\"height\":44,\"caption\":\"Koonam Corp\"},\"image\":{\"@id\":\"https:\/\/koonam.com\/fr\/#\/schema\/logo\/image\/\"},\"sameAs\":[\"https:\/\/www.facebook.com\/IndonesiaTourPackages\/\"]}]}<\/script>\n<!-- \/ Yoast SEO plugin. -->","yoast_head_json":{"title":"Forfaits touristiques Yogya - Koonam","description":"Yogyakarta, \u00e9galement connue sous le nom de Jogja, est une ville situ\u00e9e au centre de Java, en Indon\u00e9sie. C'est une destination touristique populaire et un centre culturel, connu pour ses riches traditions javanaises, sa sc\u00e8ne artistique dynamique et ses monuments historiques.","robots":{"index":"index","follow":"follow","max-snippet":"max-snippet:-1","max-image-preview":"max-image-preview:large","max-video-preview":"max-video-preview:-1"},"canonical":"https:\/\/koonam.com\/fr\/forfaits-touristiques-yogya\/","og_locale":"fr_FR","og_type":"article","og_title":"Forfaits touristiques Yogya - Koonam","og_description":"Yogyakarta, \u00e9galement connue sous le nom de Jogja, est une ville situ\u00e9e au centre de Java, en Indon\u00e9sie. C'est une destination touristique populaire et un centre culturel, connu pour ses riches traditions javanaises, sa sc\u00e8ne artistique dynamique et ses monuments historiques.","og_url":"https:\/\/koonam.com\/fr\/forfaits-touristiques-yogya\/","og_site_name":"Koonam","article_publisher":"https:\/\/www.facebook.com\/IndonesiaTourPackages\/","article_modified_time":"2023-07-17T07:55:27+00:00","og_image":[{"width":857,"height":570,"url":"https:\/\/koonam.com\/wp-content\/uploads\/2022\/11\/Jomblang-Cave-_-Yogyakarta-Tour-Packages-_-Koonam-1.jpg","type":"image\/jpeg"}],"twitter_card":"summary_large_image","schema":{"@context":"https:\/\/schema.org","@graph":[{"@type":"WebPage","@id":"https:\/\/koonam.com\/fr\/forfaits-touristiques-yogya\/","url":"https:\/\/koonam.com\/fr\/forfaits-touristiques-yogya\/","name":"Forfaits touristiques Yogya - Koonam","isPartOf":{"@id":"https:\/\/koonam.com\/fr\/#website"},"datePublished":"2022-11-24T12:57:25+00:00","dateModified":"2023-07-17T07:55:27+00:00","description":"Yogyakarta, \u00e9galement connue sous le nom de Jogja, est une ville situ\u00e9e au centre de Java, en Indon\u00e9sie. C'est une destination touristique populaire et un centre culturel, connu pour ses riches traditions javanaises, sa sc\u00e8ne artistique dynamique et ses monuments historiques.","breadcrumb":{"@id":"https:\/\/koonam.com\/fr\/forfaits-touristiques-yogya\/#breadcrumb"},"inLanguage":"fr-FR","potentialAction":[{"@type":"ReadAction","target":["https:\/\/koonam.com\/fr\/forfaits-touristiques-yogya\/"]}]},{"@type":"BreadcrumbList","@id":"https:\/\/koonam.com\/fr\/forfaits-touristiques-yogya\/#breadcrumb","itemListElement":[{"@type":"ListItem","position":1,"name":"Home","item":"https:\/\/koonam.com\/fr\/"},{"@type":"ListItem","position":2,"name":"Forfaits touristiques Yogya"}]},{"@type":"WebSite","@id":"https:\/\/koonam.com\/fr\/#website","url":"https:\/\/koonam.com\/fr\/","name":"Koonam | Tour Travel Indonesia","description":"Tour Travel Indonesia","publisher":{"@id":"https:\/\/koonam.com\/fr\/#organization"},"potentialAction":[{"@type":"SearchAction","target":{"@type":"EntryPoint","urlTemplate":"https:\/\/koonam.com\/fr\/?s={search_term_string}"},"query-input":"required name=search_term_string"}],"inLanguage":"fr-FR"},{"@type":"Organization","@id":"https:\/\/koonam.com\/fr\/#organization","name":"Koonam Corp","url":"https:\/\/koonam.com\/fr\/","logo":{"@type":"ImageObject","inLanguage":"fr-FR","@id":"https:\/\/koonam.com\/fr\/#\/schema\/logo\/image\/","url":"https:\/\/koonam.com\/wp-content\/uploads\/2018\/12\/Logo-Koonam-Header.png","contentUrl":"https:\/\/koonam.com\/wp-content\/uploads\/2018\/12\/Logo-Koonam-Header.png","width":200,"height":44,"caption":"Koonam Corp"},"image":{"@id":"https:\/\/koonam.com\/fr\/#\/schema\/logo\/image\/"},"sameAs":["https:\/\/www.facebook.com\/IndonesiaTourPackages\/"]}]}},"_links":{"self":[{"href":"https:\/\/koonam.com\/fr\/wp-json\/wp\/v2\/pages\/13373","targetHints":{"allow":["GET"]}}],"collection":[{"href":"https:\/\/koonam.com\/fr\/wp-json\/wp\/v2\/pages"}],"about":[{"href":"https:\/\/koonam.com\/fr\/wp-json\/wp\/v2\/types\/page"}],"author":[{"embeddable":true,"href":"https:\/\/koonam.com\/fr\/wp-json\/wp\/v2\/users\/4"}],"replies":[{"embeddable":true,"href":"https:\/\/koonam.com\/fr\/wp-json\/wp\/v2\/comments?post=13373"}],"version-history":[{"count":5,"href":"https:\/\/koonam.com\/fr\/wp-json\/wp\/v2\/pages\/13373\/revisions"}],"predecessor-version":[{"id":17486,"href":"https:\/\/koonam.com\/fr\/wp-json\/wp\/v2\/pages\/13373\/revisions\/17486"}],"wp:featuredmedia":[{"embeddable":true,"href":"https:\/\/koonam.com\/fr\/wp-json\/wp\/v2\/media\/13112"}],"wp:attachment":[{"href":"https:\/\/koonam.com\/fr\/wp-json\/wp\/v2\/media?parent=13373"}],"curies":[{"name":"wp","href":"https:\/\/api.w.org\/{rel}","templated":true}]}}