{"id":13308,"date":"2022-11-24T12:34:26","date_gmt":"2022-11-24T12:34:26","guid":{"rendered":"https:\/\/koonam.com\/east-java-tour-packages\/"},"modified":"2023-07-19T10:33:40","modified_gmt":"2023-07-19T10:33:40","slug":"pacchetti-turistici-di-java-orientale","status":"publish","type":"page","link":"https:\/\/koonam.com\/it\/pacchetti-turistici-di-java-orientale\/","title":{"rendered":"Pacchetti turistici di Java orientale"},"content":{"rendered":"","protected":false},"excerpt":{"rendered":"","protected":false},"author":4,"featured_media":12107,"parent":0,"menu_order":0,"comment_status":"closed","ping_status":"closed","template":"","meta":{"_mi_skip_tracking":false,"_monsterinsights_sitenote_active":false,"_monsterinsights_sitenote_note":"","_monsterinsights_sitenote_category":0,"footnotes":""},"class_list":["post-13308","page","type-page","status-publish","has-post-thumbnail","hentry"],"yoast_head":"<!-- This site is optimized with the Yoast SEO plugin v20.12 - https:\/\/yoast.com\/wordpress\/plugins\/seo\/ -->\n<title>Pacchetti turistici di Java orientale - Koonam<\/title>\n<meta name=\"description\" content=\"East Java \u00e8 una provincia situata nella parte orientale dell&#039;isola di Java, in Indonesia. \u00c8 la seconda provincia pi\u00f9 popolosa dell&#039;Indonesia, con una popolazione di circa 40 milioni di persone. La capitale di East Java \u00e8 Surabaya, che \u00e8 la seconda citt\u00e0 pi\u00f9 grande dell&#039;Indonesia dopo Jakarta.\" \/>\n<meta name=\"robots\" content=\"index, follow, max-snippet:-1, max-image-preview:large, max-video-preview:-1\" \/>\n<link rel=\"canonical\" href=\"https:\/\/koonam.com\/it\/pacchetti-turistici-di-java-orientale\/\" \/>\n<meta property=\"og:locale\" content=\"it_IT\" \/>\n<meta property=\"og:type\" content=\"article\" \/>\n<meta property=\"og:title\" content=\"Pacchetti turistici di Java orientale - Koonam\" \/>\n<meta property=\"og:description\" content=\"East Java \u00e8 una provincia situata nella parte orientale dell&#039;isola di Java, in Indonesia. \u00c8 la seconda provincia pi\u00f9 popolosa dell&#039;Indonesia, con una popolazione di circa 40 milioni di persone. La capitale di East Java \u00e8 Surabaya, che \u00e8 la seconda citt\u00e0 pi\u00f9 grande dell&#039;Indonesia dopo Jakarta.\" \/>\n<meta property=\"og:url\" content=\"https:\/\/koonam.com\/it\/pacchetti-turistici-di-java-orientale\/\" \/>\n<meta property=\"og:site_name\" content=\"Koonam\" \/>\n<meta property=\"article:publisher\" content=\"https:\/\/www.facebook.com\/IndonesiaTourPackages\/\" \/>\n<meta property=\"article:modified_time\" content=\"2023-07-19T10:33:40+00:00\" \/>\n<meta property=\"og:image\" content=\"https:\/\/koonam.com\/wp-content\/uploads\/2022\/07\/East-Java-Tour-Packages-Koonam.jpg\" \/>\n\t<meta property=\"og:image:width\" content=\"800\" \/>\n\t<meta property=\"og:image:height\" content=\"960\" \/>\n\t<meta property=\"og:image:type\" content=\"image\/jpeg\" \/>\n<meta name=\"twitter:card\" content=\"summary_large_image\" \/>\n<script type=\"application\/ld+json\" class=\"yoast-schema-graph\">{\"@context\":\"https:\/\/schema.org\",\"@graph\":[{\"@type\":\"WebPage\",\"@id\":\"https:\/\/koonam.com\/it\/pacchetti-turistici-di-java-orientale\/\",\"url\":\"https:\/\/koonam.com\/it\/pacchetti-turistici-di-java-orientale\/\",\"name\":\"Pacchetti turistici di Java orientale - Koonam\",\"isPartOf\":{\"@id\":\"https:\/\/koonam.com\/it\/#website\"},\"datePublished\":\"2022-11-24T12:34:26+00:00\",\"dateModified\":\"2023-07-19T10:33:40+00:00\",\"description\":\"East Java \u00e8 una provincia situata nella parte orientale dell'isola di Java, in Indonesia. \u00c8 la seconda provincia pi\u00f9 popolosa dell'Indonesia, con una popolazione di circa 40 milioni di persone. La capitale di East Java \u00e8 Surabaya, che \u00e8 la seconda citt\u00e0 pi\u00f9 grande dell'Indonesia dopo Jakarta.\",\"breadcrumb\":{\"@id\":\"https:\/\/koonam.com\/it\/pacchetti-turistici-di-java-orientale\/#breadcrumb\"},\"inLanguage\":\"it-IT\",\"potentialAction\":[{\"@type\":\"ReadAction\",\"target\":[\"https:\/\/koonam.com\/it\/pacchetti-turistici-di-java-orientale\/\"]}]},{\"@type\":\"BreadcrumbList\",\"@id\":\"https:\/\/koonam.com\/it\/pacchetti-turistici-di-java-orientale\/#breadcrumb\",\"itemListElement\":[{\"@type\":\"ListItem\",\"position\":1,\"name\":\"Home\",\"item\":\"https:\/\/koonam.com\/it\/\"},{\"@type\":\"ListItem\",\"position\":2,\"name\":\"Pacchetti turistici di Java orientale\"}]},{\"@type\":\"WebSite\",\"@id\":\"https:\/\/koonam.com\/it\/#website\",\"url\":\"https:\/\/koonam.com\/it\/\",\"name\":\"Koonam | Tour Travel Indonesia\",\"description\":\"Tour Travel Indonesia\",\"publisher\":{\"@id\":\"https:\/\/koonam.com\/it\/#organization\"},\"potentialAction\":[{\"@type\":\"SearchAction\",\"target\":{\"@type\":\"EntryPoint\",\"urlTemplate\":\"https:\/\/koonam.com\/it\/?s={search_term_string}\"},\"query-input\":\"required name=search_term_string\"}],\"inLanguage\":\"it-IT\"},{\"@type\":\"Organization\",\"@id\":\"https:\/\/koonam.com\/it\/#organization\",\"name\":\"Koonam Corp\",\"url\":\"https:\/\/koonam.com\/it\/\",\"logo\":{\"@type\":\"ImageObject\",\"inLanguage\":\"it-IT\",\"@id\":\"https:\/\/koonam.com\/it\/#\/schema\/logo\/image\/\",\"url\":\"https:\/\/koonam.com\/wp-content\/uploads\/2018\/12\/Logo-Koonam-Header.png\",\"contentUrl\":\"https:\/\/koonam.com\/wp-content\/uploads\/2018\/12\/Logo-Koonam-Header.png\",\"width\":200,\"height\":44,\"caption\":\"Koonam Corp\"},\"image\":{\"@id\":\"https:\/\/koonam.com\/it\/#\/schema\/logo\/image\/\"},\"sameAs\":[\"https:\/\/www.facebook.com\/IndonesiaTourPackages\/\"]}]}<\/script>\n<!-- \/ Yoast SEO plugin. -->","yoast_head_json":{"title":"Pacchetti turistici di Java orientale - Koonam","description":"East Java \u00e8 una provincia situata nella parte orientale dell'isola di Java, in Indonesia. \u00c8 la seconda provincia pi\u00f9 popolosa dell'Indonesia, con una popolazione di circa 40 milioni di persone. La capitale di East Java \u00e8 Surabaya, che \u00e8 la seconda citt\u00e0 pi\u00f9 grande dell'Indonesia dopo Jakarta.","robots":{"index":"index","follow":"follow","max-snippet":"max-snippet:-1","max-image-preview":"max-image-preview:large","max-video-preview":"max-video-preview:-1"},"canonical":"https:\/\/koonam.com\/it\/pacchetti-turistici-di-java-orientale\/","og_locale":"it_IT","og_type":"article","og_title":"Pacchetti turistici di Java orientale - Koonam","og_description":"East Java \u00e8 una provincia situata nella parte orientale dell'isola di Java, in Indonesia. \u00c8 la seconda provincia pi\u00f9 popolosa dell'Indonesia, con una popolazione di circa 40 milioni di persone. La capitale di East Java \u00e8 Surabaya, che \u00e8 la seconda citt\u00e0 pi\u00f9 grande dell'Indonesia dopo Jakarta.","og_url":"https:\/\/koonam.com\/it\/pacchetti-turistici-di-java-orientale\/","og_site_name":"Koonam","article_publisher":"https:\/\/www.facebook.com\/IndonesiaTourPackages\/","article_modified_time":"2023-07-19T10:33:40+00:00","og_image":[{"width":800,"height":960,"url":"https:\/\/koonam.com\/wp-content\/uploads\/2022\/07\/East-Java-Tour-Packages-Koonam.jpg","type":"image\/jpeg"}],"twitter_card":"summary_large_image","schema":{"@context":"https:\/\/schema.org","@graph":[{"@type":"WebPage","@id":"https:\/\/koonam.com\/it\/pacchetti-turistici-di-java-orientale\/","url":"https:\/\/koonam.com\/it\/pacchetti-turistici-di-java-orientale\/","name":"Pacchetti turistici di Java orientale - Koonam","isPartOf":{"@id":"https:\/\/koonam.com\/it\/#website"},"datePublished":"2022-11-24T12:34:26+00:00","dateModified":"2023-07-19T10:33:40+00:00","description":"East Java \u00e8 una provincia situata nella parte orientale dell'isola di Java, in Indonesia. \u00c8 la seconda provincia pi\u00f9 popolosa dell'Indonesia, con una popolazione di circa 40 milioni di persone. La capitale di East Java \u00e8 Surabaya, che \u00e8 la seconda citt\u00e0 pi\u00f9 grande dell'Indonesia dopo Jakarta.","breadcrumb":{"@id":"https:\/\/koonam.com\/it\/pacchetti-turistici-di-java-orientale\/#breadcrumb"},"inLanguage":"it-IT","potentialAction":[{"@type":"ReadAction","target":["https:\/\/koonam.com\/it\/pacchetti-turistici-di-java-orientale\/"]}]},{"@type":"BreadcrumbList","@id":"https:\/\/koonam.com\/it\/pacchetti-turistici-di-java-orientale\/#breadcrumb","itemListElement":[{"@type":"ListItem","position":1,"name":"Home","item":"https:\/\/koonam.com\/it\/"},{"@type":"ListItem","position":2,"name":"Pacchetti turistici di Java orientale"}]},{"@type":"WebSite","@id":"https:\/\/koonam.com\/it\/#website","url":"https:\/\/koonam.com\/it\/","name":"Koonam | Tour Travel Indonesia","description":"Tour Travel Indonesia","publisher":{"@id":"https:\/\/koonam.com\/it\/#organization"},"potentialAction":[{"@type":"SearchAction","target":{"@type":"EntryPoint","urlTemplate":"https:\/\/koonam.com\/it\/?s={search_term_string}"},"query-input":"required name=search_term_string"}],"inLanguage":"it-IT"},{"@type":"Organization","@id":"https:\/\/koonam.com\/it\/#organization","name":"Koonam Corp","url":"https:\/\/koonam.com\/it\/","logo":{"@type":"ImageObject","inLanguage":"it-IT","@id":"https:\/\/koonam.com\/it\/#\/schema\/logo\/image\/","url":"https:\/\/koonam.com\/wp-content\/uploads\/2018\/12\/Logo-Koonam-Header.png","contentUrl":"https:\/\/koonam.com\/wp-content\/uploads\/2018\/12\/Logo-Koonam-Header.png","width":200,"height":44,"caption":"Koonam Corp"},"image":{"@id":"https:\/\/koonam.com\/it\/#\/schema\/logo\/image\/"},"sameAs":["https:\/\/www.facebook.com\/IndonesiaTourPackages\/"]}]}},"_links":{"self":[{"href":"https:\/\/koonam.com\/it\/wp-json\/wp\/v2\/pages\/13308","targetHints":{"allow":["GET"]}}],"collection":[{"href":"https:\/\/koonam.com\/it\/wp-json\/wp\/v2\/pages"}],"about":[{"href":"https:\/\/koonam.com\/it\/wp-json\/wp\/v2\/types\/page"}],"author":[{"embeddable":true,"href":"https:\/\/koonam.com\/it\/wp-json\/wp\/v2\/users\/4"}],"replies":[{"embeddable":true,"href":"https:\/\/koonam.com\/it\/wp-json\/wp\/v2\/comments?post=13308"}],"version-history":[{"count":5,"href":"https:\/\/koonam.com\/it\/wp-json\/wp\/v2\/pages\/13308\/revisions"}],"predecessor-version":[{"id":17665,"href":"https:\/\/koonam.com\/it\/wp-json\/wp\/v2\/pages\/13308\/revisions\/17665"}],"wp:featuredmedia":[{"embeddable":true,"href":"https:\/\/koonam.com\/it\/wp-json\/wp\/v2\/media\/12107"}],"wp:attachment":[{"href":"https:\/\/koonam.com\/it\/wp-json\/wp\/v2\/media?parent=13308"}],"curies":[{"name":"wp","href":"https:\/\/api.w.org\/{rel}","templated":true}]}}