{"id":14005,"date":"2019-03-26T09:09:23","date_gmt":"2019-03-26T09:09:23","guid":{"rendered":"https:\/\/koonam.com\/homepage\/"},"modified":"2024-11-16T02:04:39","modified_gmt":"2024-11-16T02:04:39","slug":"homepage","status":"publish","type":"page","link":"https:\/\/koonam.com\/pt-br\/","title":{"rendered":"Ag\u00eancia de turismo na Indon\u00e9sia"},"content":{"rendered":"","protected":false},"excerpt":{"rendered":"","protected":false},"author":4,"featured_media":13957,"parent":0,"menu_order":0,"comment_status":"closed","ping_status":"closed","template":"","meta":{"_mi_skip_tracking":false,"_monsterinsights_sitenote_active":false,"_monsterinsights_sitenote_note":"","_monsterinsights_sitenote_category":0,"footnotes":""},"class_list":["post-14005","page","type-page","status-publish","has-post-thumbnail","hentry"],"yoast_head":"<!-- This site is optimized with the Yoast SEO plugin v20.12 - https:\/\/yoast.com\/wordpress\/plugins\/seo\/ -->\n<title>Ag\u00eancia de turismo na Indon\u00e9sia - Koonam<\/title>\n<meta name=\"description\" content=\"Explore a beleza da Indon\u00e9sia com nossos pacotes tur\u00edsticos selecionados. Das praias de Bali \u00e0 vida selvagem de Komodo, descubra os melhores pacotes tur\u00edsticos da Indon\u00e9sia para sua aventura.\" \/>\n<meta name=\"robots\" content=\"index, follow, max-snippet:-1, max-image-preview:large, max-video-preview:-1\" \/>\n<link rel=\"canonical\" href=\"https:\/\/koonam.com\/pt-br\/\" \/>\n<meta property=\"og:locale\" content=\"pt_BR\" \/>\n<meta property=\"og:type\" content=\"article\" \/>\n<meta property=\"og:title\" content=\"Ag\u00eancia de turismo na Indon\u00e9sia - Koonam\" \/>\n<meta property=\"og:description\" content=\"Explore a beleza da Indon\u00e9sia com nossos pacotes tur\u00edsticos selecionados. Das praias de Bali \u00e0 vida selvagem de Komodo, descubra os melhores pacotes tur\u00edsticos da Indon\u00e9sia para sua aventura.\" \/>\n<meta property=\"og:url\" content=\"https:\/\/koonam.com\/pt-br\/\" \/>\n<meta property=\"og:site_name\" content=\"Koonam\" \/>\n<meta property=\"article:publisher\" content=\"https:\/\/www.facebook.com\/IndonesiaTourPackages\/\" \/>\n<meta property=\"article:modified_time\" content=\"2024-11-16T02:04:39+00:00\" \/>\n<meta property=\"og:image\" content=\"https:\/\/koonam.com\/wp-content\/uploads\/2017\/01\/Lempuyang-Temple-Bali-Tour-Packages-Koonam.jpg\" \/>\n\t<meta property=\"og:image:width\" content=\"857\" \/>\n\t<meta property=\"og:image:height\" content=\"570\" \/>\n\t<meta property=\"og:image:type\" content=\"image\/jpeg\" \/>\n<meta name=\"twitter:card\" content=\"summary_large_image\" \/>\n<script type=\"application\/ld+json\" class=\"yoast-schema-graph\">{\"@context\":\"https:\/\/schema.org\",\"@graph\":[{\"@type\":\"WebPage\",\"@id\":\"https:\/\/koonam.com\/pt-br\/\",\"url\":\"https:\/\/koonam.com\/pt-br\/\",\"name\":\"Ag\u00eancia de turismo na Indon\u00e9sia - Koonam\",\"isPartOf\":{\"@id\":\"https:\/\/koonam.com\/pt-br\/#website\"},\"datePublished\":\"2019-03-26T09:09:23+00:00\",\"dateModified\":\"2024-11-16T02:04:39+00:00\",\"description\":\"Explore a beleza da Indon\u00e9sia com nossos pacotes tur\u00edsticos selecionados. Das praias de Bali \u00e0 vida selvagem de Komodo, descubra os melhores pacotes tur\u00edsticos da Indon\u00e9sia para sua aventura.\",\"breadcrumb\":{\"@id\":\"https:\/\/koonam.com\/pt-br\/#breadcrumb\"},\"inLanguage\":\"pt-BR\",\"potentialAction\":[{\"@type\":\"ReadAction\",\"target\":[\"https:\/\/koonam.com\/pt-br\/\"]}]},{\"@type\":\"BreadcrumbList\",\"@id\":\"https:\/\/koonam.com\/pt-br\/#breadcrumb\",\"itemListElement\":[{\"@type\":\"ListItem\",\"position\":1,\"name\":\"Home\",\"item\":\"https:\/\/koonam.com\/pt-br\/\"},{\"@type\":\"ListItem\",\"position\":2,\"name\":\"Ag\u00eancia de turismo na Indon\u00e9sia\"}]},{\"@type\":\"WebSite\",\"@id\":\"https:\/\/koonam.com\/pt-br\/#website\",\"url\":\"https:\/\/koonam.com\/pt-br\/\",\"name\":\"Koonam | Tour Travel Indonesia\",\"description\":\"Tour Travel Indonesia\",\"publisher\":{\"@id\":\"https:\/\/koonam.com\/pt-br\/#organization\"},\"potentialAction\":[{\"@type\":\"SearchAction\",\"target\":{\"@type\":\"EntryPoint\",\"urlTemplate\":\"https:\/\/koonam.com\/pt-br\/?s={search_term_string}\"},\"query-input\":\"required name=search_term_string\"}],\"inLanguage\":\"pt-BR\"},{\"@type\":\"Organization\",\"@id\":\"https:\/\/koonam.com\/pt-br\/#organization\",\"name\":\"Koonam Corp\",\"url\":\"https:\/\/koonam.com\/pt-br\/\",\"logo\":{\"@type\":\"ImageObject\",\"inLanguage\":\"pt-BR\",\"@id\":\"https:\/\/koonam.com\/pt-br\/#\/schema\/logo\/image\/\",\"url\":\"https:\/\/koonam.com\/wp-content\/uploads\/2018\/12\/Logo-Koonam-Header.png\",\"contentUrl\":\"https:\/\/koonam.com\/wp-content\/uploads\/2018\/12\/Logo-Koonam-Header.png\",\"width\":200,\"height\":44,\"caption\":\"Koonam Corp\"},\"image\":{\"@id\":\"https:\/\/koonam.com\/pt-br\/#\/schema\/logo\/image\/\"},\"sameAs\":[\"https:\/\/www.facebook.com\/IndonesiaTourPackages\/\"]}]}<\/script>\n<!-- \/ Yoast SEO plugin. -->","yoast_head_json":{"title":"Ag\u00eancia de turismo na Indon\u00e9sia - Koonam","description":"Explore a beleza da Indon\u00e9sia com nossos pacotes tur\u00edsticos selecionados. Das praias de Bali \u00e0 vida selvagem de Komodo, descubra os melhores pacotes tur\u00edsticos da Indon\u00e9sia para sua aventura.","robots":{"index":"index","follow":"follow","max-snippet":"max-snippet:-1","max-image-preview":"max-image-preview:large","max-video-preview":"max-video-preview:-1"},"canonical":"https:\/\/koonam.com\/pt-br\/","og_locale":"pt_BR","og_type":"article","og_title":"Ag\u00eancia de turismo na Indon\u00e9sia - Koonam","og_description":"Explore a beleza da Indon\u00e9sia com nossos pacotes tur\u00edsticos selecionados. Das praias de Bali \u00e0 vida selvagem de Komodo, descubra os melhores pacotes tur\u00edsticos da Indon\u00e9sia para sua aventura.","og_url":"https:\/\/koonam.com\/pt-br\/","og_site_name":"Koonam","article_publisher":"https:\/\/www.facebook.com\/IndonesiaTourPackages\/","article_modified_time":"2024-11-16T02:04:39+00:00","og_image":[{"width":857,"height":570,"url":"https:\/\/koonam.com\/wp-content\/uploads\/2017\/01\/Lempuyang-Temple-Bali-Tour-Packages-Koonam.jpg","type":"image\/jpeg"}],"twitter_card":"summary_large_image","schema":{"@context":"https:\/\/schema.org","@graph":[{"@type":"WebPage","@id":"https:\/\/koonam.com\/pt-br\/","url":"https:\/\/koonam.com\/pt-br\/","name":"Ag\u00eancia de turismo na Indon\u00e9sia - Koonam","isPartOf":{"@id":"https:\/\/koonam.com\/pt-br\/#website"},"datePublished":"2019-03-26T09:09:23+00:00","dateModified":"2024-11-16T02:04:39+00:00","description":"Explore a beleza da Indon\u00e9sia com nossos pacotes tur\u00edsticos selecionados. Das praias de Bali \u00e0 vida selvagem de Komodo, descubra os melhores pacotes tur\u00edsticos da Indon\u00e9sia para sua aventura.","breadcrumb":{"@id":"https:\/\/koonam.com\/pt-br\/#breadcrumb"},"inLanguage":"pt-BR","potentialAction":[{"@type":"ReadAction","target":["https:\/\/koonam.com\/pt-br\/"]}]},{"@type":"BreadcrumbList","@id":"https:\/\/koonam.com\/pt-br\/#breadcrumb","itemListElement":[{"@type":"ListItem","position":1,"name":"Home","item":"https:\/\/koonam.com\/pt-br\/"},{"@type":"ListItem","position":2,"name":"Ag\u00eancia de turismo na Indon\u00e9sia"}]},{"@type":"WebSite","@id":"https:\/\/koonam.com\/pt-br\/#website","url":"https:\/\/koonam.com\/pt-br\/","name":"Koonam | Tour Travel Indonesia","description":"Tour Travel Indonesia","publisher":{"@id":"https:\/\/koonam.com\/pt-br\/#organization"},"potentialAction":[{"@type":"SearchAction","target":{"@type":"EntryPoint","urlTemplate":"https:\/\/koonam.com\/pt-br\/?s={search_term_string}"},"query-input":"required name=search_term_string"}],"inLanguage":"pt-BR"},{"@type":"Organization","@id":"https:\/\/koonam.com\/pt-br\/#organization","name":"Koonam Corp","url":"https:\/\/koonam.com\/pt-br\/","logo":{"@type":"ImageObject","inLanguage":"pt-BR","@id":"https:\/\/koonam.com\/pt-br\/#\/schema\/logo\/image\/","url":"https:\/\/koonam.com\/wp-content\/uploads\/2018\/12\/Logo-Koonam-Header.png","contentUrl":"https:\/\/koonam.com\/wp-content\/uploads\/2018\/12\/Logo-Koonam-Header.png","width":200,"height":44,"caption":"Koonam Corp"},"image":{"@id":"https:\/\/koonam.com\/pt-br\/#\/schema\/logo\/image\/"},"sameAs":["https:\/\/www.facebook.com\/IndonesiaTourPackages\/"]}]}},"_links":{"self":[{"href":"https:\/\/koonam.com\/pt-br\/wp-json\/wp\/v2\/pages\/14005","targetHints":{"allow":["GET"]}}],"collection":[{"href":"https:\/\/koonam.com\/pt-br\/wp-json\/wp\/v2\/pages"}],"about":[{"href":"https:\/\/koonam.com\/pt-br\/wp-json\/wp\/v2\/types\/page"}],"author":[{"embeddable":true,"href":"https:\/\/koonam.com\/pt-br\/wp-json\/wp\/v2\/users\/4"}],"replies":[{"embeddable":true,"href":"https:\/\/koonam.com\/pt-br\/wp-json\/wp\/v2\/comments?post=14005"}],"version-history":[{"count":5,"href":"https:\/\/koonam.com\/pt-br\/wp-json\/wp\/v2\/pages\/14005\/revisions"}],"predecessor-version":[{"id":18684,"href":"https:\/\/koonam.com\/pt-br\/wp-json\/wp\/v2\/pages\/14005\/revisions\/18684"}],"wp:featuredmedia":[{"embeddable":true,"href":"https:\/\/koonam.com\/pt-br\/wp-json\/wp\/v2\/media\/13957"}],"wp:attachment":[{"href":"https:\/\/koonam.com\/pt-br\/wp-json\/wp\/v2\/media?parent=14005"}],"curies":[{"name":"wp","href":"https:\/\/api.w.org\/{rel}","templated":true}]}}