{"id":15680,"date":"2022-11-24T12:34:26","date_gmt":"2022-11-24T12:34:26","guid":{"rendered":"https:\/\/koonam.com\/east-java-tour-packages\/"},"modified":"2023-07-19T10:36:38","modified_gmt":"2023-07-19T10:36:38","slug":"pacotes-turisticos-de-east-java","status":"publish","type":"page","link":"https:\/\/koonam.com\/pt-br\/pacotes-turisticos-de-east-java\/","title":{"rendered":"Pacotes tur\u00edsticos de East Java"},"content":{"rendered":"","protected":false},"excerpt":{"rendered":"","protected":false},"author":4,"featured_media":13859,"parent":0,"menu_order":0,"comment_status":"closed","ping_status":"closed","template":"","meta":{"_mi_skip_tracking":false,"_monsterinsights_sitenote_active":false,"_monsterinsights_sitenote_note":"","_monsterinsights_sitenote_category":0,"footnotes":""},"class_list":["post-15680","page","type-page","status-publish","has-post-thumbnail","hentry"],"yoast_head":"<!-- This site is optimized with the Yoast SEO plugin v20.12 - https:\/\/yoast.com\/wordpress\/plugins\/seo\/ -->\n<title>Pacotes tur\u00edsticos de East Java - Koonam<\/title>\n<meta name=\"description\" content=\"East Java \u00e9 uma prov\u00edncia localizada na parte oriental da ilha de Java, na Indon\u00e9sia. \u00c9 a segunda prov\u00edncia mais populosa da Indon\u00e9sia, com uma popula\u00e7\u00e3o de cerca de 40 milh\u00f5es de pessoas. A capital de East Java \u00e9 Surabaya, que \u00e9 a segunda maior cidade da Indon\u00e9sia depois de Jacarta.\" \/>\n<meta name=\"robots\" content=\"index, follow, max-snippet:-1, max-image-preview:large, max-video-preview:-1\" \/>\n<link rel=\"canonical\" href=\"https:\/\/koonam.com\/pt-br\/pacotes-turisticos-de-east-java\/\" \/>\n<meta property=\"og:locale\" content=\"pt_BR\" \/>\n<meta property=\"og:type\" content=\"article\" \/>\n<meta property=\"og:title\" content=\"Pacotes tur\u00edsticos de East Java - Koonam\" \/>\n<meta property=\"og:description\" content=\"East Java \u00e9 uma prov\u00edncia localizada na parte oriental da ilha de Java, na Indon\u00e9sia. \u00c9 a segunda prov\u00edncia mais populosa da Indon\u00e9sia, com uma popula\u00e7\u00e3o de cerca de 40 milh\u00f5es de pessoas. A capital de East Java \u00e9 Surabaya, que \u00e9 a segunda maior cidade da Indon\u00e9sia depois de Jacarta.\" \/>\n<meta property=\"og:url\" content=\"https:\/\/koonam.com\/pt-br\/pacotes-turisticos-de-east-java\/\" \/>\n<meta property=\"og:site_name\" content=\"Koonam\" \/>\n<meta property=\"article:publisher\" content=\"https:\/\/www.facebook.com\/IndonesiaTourPackages\/\" \/>\n<meta property=\"article:modified_time\" content=\"2023-07-19T10:36:38+00:00\" \/>\n<meta property=\"og:image\" content=\"https:\/\/koonam.com\/wp-content\/uploads\/2022\/07\/East-Java-Tour-Packages-Koonam.jpg\" \/>\n\t<meta property=\"og:image:width\" content=\"800\" \/>\n\t<meta property=\"og:image:height\" content=\"960\" \/>\n\t<meta property=\"og:image:type\" content=\"image\/jpeg\" \/>\n<meta name=\"twitter:card\" content=\"summary_large_image\" \/>\n<script type=\"application\/ld+json\" class=\"yoast-schema-graph\">{\"@context\":\"https:\/\/schema.org\",\"@graph\":[{\"@type\":\"WebPage\",\"@id\":\"https:\/\/koonam.com\/pt-br\/pacotes-turisticos-de-east-java\/\",\"url\":\"https:\/\/koonam.com\/pt-br\/pacotes-turisticos-de-east-java\/\",\"name\":\"Pacotes tur\u00edsticos de East Java - Koonam\",\"isPartOf\":{\"@id\":\"https:\/\/koonam.com\/pt-br\/#website\"},\"datePublished\":\"2022-11-24T12:34:26+00:00\",\"dateModified\":\"2023-07-19T10:36:38+00:00\",\"description\":\"East Java \u00e9 uma prov\u00edncia localizada na parte oriental da ilha de Java, na Indon\u00e9sia. \u00c9 a segunda prov\u00edncia mais populosa da Indon\u00e9sia, com uma popula\u00e7\u00e3o de cerca de 40 milh\u00f5es de pessoas. A capital de East Java \u00e9 Surabaya, que \u00e9 a segunda maior cidade da Indon\u00e9sia depois de Jacarta.\",\"breadcrumb\":{\"@id\":\"https:\/\/koonam.com\/pt-br\/pacotes-turisticos-de-east-java\/#breadcrumb\"},\"inLanguage\":\"pt-BR\",\"potentialAction\":[{\"@type\":\"ReadAction\",\"target\":[\"https:\/\/koonam.com\/pt-br\/pacotes-turisticos-de-east-java\/\"]}]},{\"@type\":\"BreadcrumbList\",\"@id\":\"https:\/\/koonam.com\/pt-br\/pacotes-turisticos-de-east-java\/#breadcrumb\",\"itemListElement\":[{\"@type\":\"ListItem\",\"position\":1,\"name\":\"Home\",\"item\":\"https:\/\/koonam.com\/pt-br\/\"},{\"@type\":\"ListItem\",\"position\":2,\"name\":\"Pacotes tur\u00edsticos de East Java\"}]},{\"@type\":\"WebSite\",\"@id\":\"https:\/\/koonam.com\/pt-br\/#website\",\"url\":\"https:\/\/koonam.com\/pt-br\/\",\"name\":\"Koonam | Tour Travel Indonesia\",\"description\":\"Tour Travel Indonesia\",\"publisher\":{\"@id\":\"https:\/\/koonam.com\/pt-br\/#organization\"},\"potentialAction\":[{\"@type\":\"SearchAction\",\"target\":{\"@type\":\"EntryPoint\",\"urlTemplate\":\"https:\/\/koonam.com\/pt-br\/?s={search_term_string}\"},\"query-input\":\"required name=search_term_string\"}],\"inLanguage\":\"pt-BR\"},{\"@type\":\"Organization\",\"@id\":\"https:\/\/koonam.com\/pt-br\/#organization\",\"name\":\"Koonam Corp\",\"url\":\"https:\/\/koonam.com\/pt-br\/\",\"logo\":{\"@type\":\"ImageObject\",\"inLanguage\":\"pt-BR\",\"@id\":\"https:\/\/koonam.com\/pt-br\/#\/schema\/logo\/image\/\",\"url\":\"https:\/\/koonam.com\/wp-content\/uploads\/2018\/12\/Logo-Koonam-Header.png\",\"contentUrl\":\"https:\/\/koonam.com\/wp-content\/uploads\/2018\/12\/Logo-Koonam-Header.png\",\"width\":200,\"height\":44,\"caption\":\"Koonam Corp\"},\"image\":{\"@id\":\"https:\/\/koonam.com\/pt-br\/#\/schema\/logo\/image\/\"},\"sameAs\":[\"https:\/\/www.facebook.com\/IndonesiaTourPackages\/\"]}]}<\/script>\n<!-- \/ Yoast SEO plugin. -->","yoast_head_json":{"title":"Pacotes tur\u00edsticos de East Java - Koonam","description":"East Java \u00e9 uma prov\u00edncia localizada na parte oriental da ilha de Java, na Indon\u00e9sia. \u00c9 a segunda prov\u00edncia mais populosa da Indon\u00e9sia, com uma popula\u00e7\u00e3o de cerca de 40 milh\u00f5es de pessoas. A capital de East Java \u00e9 Surabaya, que \u00e9 a segunda maior cidade da Indon\u00e9sia depois de Jacarta.","robots":{"index":"index","follow":"follow","max-snippet":"max-snippet:-1","max-image-preview":"max-image-preview:large","max-video-preview":"max-video-preview:-1"},"canonical":"https:\/\/koonam.com\/pt-br\/pacotes-turisticos-de-east-java\/","og_locale":"pt_BR","og_type":"article","og_title":"Pacotes tur\u00edsticos de East Java - Koonam","og_description":"East Java \u00e9 uma prov\u00edncia localizada na parte oriental da ilha de Java, na Indon\u00e9sia. \u00c9 a segunda prov\u00edncia mais populosa da Indon\u00e9sia, com uma popula\u00e7\u00e3o de cerca de 40 milh\u00f5es de pessoas. A capital de East Java \u00e9 Surabaya, que \u00e9 a segunda maior cidade da Indon\u00e9sia depois de Jacarta.","og_url":"https:\/\/koonam.com\/pt-br\/pacotes-turisticos-de-east-java\/","og_site_name":"Koonam","article_publisher":"https:\/\/www.facebook.com\/IndonesiaTourPackages\/","article_modified_time":"2023-07-19T10:36:38+00:00","og_image":[{"width":800,"height":960,"url":"https:\/\/koonam.com\/wp-content\/uploads\/2022\/07\/East-Java-Tour-Packages-Koonam.jpg","type":"image\/jpeg"}],"twitter_card":"summary_large_image","schema":{"@context":"https:\/\/schema.org","@graph":[{"@type":"WebPage","@id":"https:\/\/koonam.com\/pt-br\/pacotes-turisticos-de-east-java\/","url":"https:\/\/koonam.com\/pt-br\/pacotes-turisticos-de-east-java\/","name":"Pacotes tur\u00edsticos de East Java - Koonam","isPartOf":{"@id":"https:\/\/koonam.com\/pt-br\/#website"},"datePublished":"2022-11-24T12:34:26+00:00","dateModified":"2023-07-19T10:36:38+00:00","description":"East Java \u00e9 uma prov\u00edncia localizada na parte oriental da ilha de Java, na Indon\u00e9sia. \u00c9 a segunda prov\u00edncia mais populosa da Indon\u00e9sia, com uma popula\u00e7\u00e3o de cerca de 40 milh\u00f5es de pessoas. A capital de East Java \u00e9 Surabaya, que \u00e9 a segunda maior cidade da Indon\u00e9sia depois de Jacarta.","breadcrumb":{"@id":"https:\/\/koonam.com\/pt-br\/pacotes-turisticos-de-east-java\/#breadcrumb"},"inLanguage":"pt-BR","potentialAction":[{"@type":"ReadAction","target":["https:\/\/koonam.com\/pt-br\/pacotes-turisticos-de-east-java\/"]}]},{"@type":"BreadcrumbList","@id":"https:\/\/koonam.com\/pt-br\/pacotes-turisticos-de-east-java\/#breadcrumb","itemListElement":[{"@type":"ListItem","position":1,"name":"Home","item":"https:\/\/koonam.com\/pt-br\/"},{"@type":"ListItem","position":2,"name":"Pacotes tur\u00edsticos de East Java"}]},{"@type":"WebSite","@id":"https:\/\/koonam.com\/pt-br\/#website","url":"https:\/\/koonam.com\/pt-br\/","name":"Koonam | Tour Travel Indonesia","description":"Tour Travel Indonesia","publisher":{"@id":"https:\/\/koonam.com\/pt-br\/#organization"},"potentialAction":[{"@type":"SearchAction","target":{"@type":"EntryPoint","urlTemplate":"https:\/\/koonam.com\/pt-br\/?s={search_term_string}"},"query-input":"required name=search_term_string"}],"inLanguage":"pt-BR"},{"@type":"Organization","@id":"https:\/\/koonam.com\/pt-br\/#organization","name":"Koonam Corp","url":"https:\/\/koonam.com\/pt-br\/","logo":{"@type":"ImageObject","inLanguage":"pt-BR","@id":"https:\/\/koonam.com\/pt-br\/#\/schema\/logo\/image\/","url":"https:\/\/koonam.com\/wp-content\/uploads\/2018\/12\/Logo-Koonam-Header.png","contentUrl":"https:\/\/koonam.com\/wp-content\/uploads\/2018\/12\/Logo-Koonam-Header.png","width":200,"height":44,"caption":"Koonam Corp"},"image":{"@id":"https:\/\/koonam.com\/pt-br\/#\/schema\/logo\/image\/"},"sameAs":["https:\/\/www.facebook.com\/IndonesiaTourPackages\/"]}]}},"_links":{"self":[{"href":"https:\/\/koonam.com\/pt-br\/wp-json\/wp\/v2\/pages\/15680","targetHints":{"allow":["GET"]}}],"collection":[{"href":"https:\/\/koonam.com\/pt-br\/wp-json\/wp\/v2\/pages"}],"about":[{"href":"https:\/\/koonam.com\/pt-br\/wp-json\/wp\/v2\/types\/page"}],"author":[{"embeddable":true,"href":"https:\/\/koonam.com\/pt-br\/wp-json\/wp\/v2\/users\/4"}],"replies":[{"embeddable":true,"href":"https:\/\/koonam.com\/pt-br\/wp-json\/wp\/v2\/comments?post=15680"}],"version-history":[{"count":5,"href":"https:\/\/koonam.com\/pt-br\/wp-json\/wp\/v2\/pages\/15680\/revisions"}],"predecessor-version":[{"id":17667,"href":"https:\/\/koonam.com\/pt-br\/wp-json\/wp\/v2\/pages\/15680\/revisions\/17667"}],"wp:featuredmedia":[{"embeddable":true,"href":"https:\/\/koonam.com\/pt-br\/wp-json\/wp\/v2\/media\/13859"}],"wp:attachment":[{"href":"https:\/\/koonam.com\/pt-br\/wp-json\/wp\/v2\/media?parent=15680"}],"curies":[{"name":"wp","href":"https:\/\/api.w.org\/{rel}","templated":true}]}}