{"id":15771,"date":"2022-11-24T13:00:37","date_gmt":"2022-11-24T13:00:37","guid":{"rendered":"https:\/\/koonam.com\/sumba-tour-packages\/"},"modified":"2023-07-14T03:25:08","modified_gmt":"2023-07-14T03:25:08","slug":"pacotes-turisticos-sumba","status":"publish","type":"page","link":"https:\/\/koonam.com\/pt-br\/pacotes-turisticos-sumba\/","title":{"rendered":"Pacotes Tur\u00edsticos Sumba"},"content":{"rendered":"","protected":false},"excerpt":{"rendered":"","protected":false},"author":4,"featured_media":13979,"parent":0,"menu_order":0,"comment_status":"closed","ping_status":"closed","template":"","meta":{"_mi_skip_tracking":false,"_monsterinsights_sitenote_active":false,"_monsterinsights_sitenote_note":"","_monsterinsights_sitenote_category":0,"footnotes":""},"class_list":["post-15771","page","type-page","status-publish","has-post-thumbnail","hentry"],"yoast_head":"<!-- This site is optimized with the Yoast SEO plugin v20.12 - https:\/\/yoast.com\/wordpress\/plugins\/seo\/ -->\n<title>Pacotes Tur\u00edsticos Sumba - Koonam<\/title>\n<meta name=\"description\" content=\"A Ilha Sumba \u00e9 um destino fora do comum na Indon\u00e9sia, mas oferece uma riqueza de belezas naturais e experi\u00eancias culturais para viajantes aventureiros.\" \/>\n<meta name=\"robots\" content=\"index, follow, max-snippet:-1, max-image-preview:large, max-video-preview:-1\" \/>\n<link rel=\"canonical\" href=\"https:\/\/koonam.com\/pt-br\/pacotes-turisticos-sumba\/\" \/>\n<meta property=\"og:locale\" content=\"pt_BR\" \/>\n<meta property=\"og:type\" content=\"article\" \/>\n<meta property=\"og:title\" content=\"Pacotes Tur\u00edsticos Sumba - Koonam\" \/>\n<meta property=\"og:description\" content=\"A Ilha Sumba \u00e9 um destino fora do comum na Indon\u00e9sia, mas oferece uma riqueza de belezas naturais e experi\u00eancias culturais para viajantes aventureiros.\" \/>\n<meta property=\"og:url\" content=\"https:\/\/koonam.com\/pt-br\/pacotes-turisticos-sumba\/\" \/>\n<meta property=\"og:site_name\" content=\"Koonam\" \/>\n<meta property=\"article:publisher\" content=\"https:\/\/www.facebook.com\/IndonesiaTourPackages\/\" \/>\n<meta property=\"article:modified_time\" content=\"2023-07-14T03:25:08+00:00\" \/>\n<meta property=\"og:image\" content=\"https:\/\/koonam.com\/wp-content\/uploads\/2022\/11\/Prai-Ijing-_Sumba-tour-packages-Koonam.jpg\" \/>\n\t<meta property=\"og:image:width\" content=\"857\" \/>\n\t<meta property=\"og:image:height\" content=\"570\" \/>\n\t<meta property=\"og:image:type\" content=\"image\/jpeg\" \/>\n<meta name=\"twitter:card\" content=\"summary_large_image\" \/>\n<script type=\"application\/ld+json\" class=\"yoast-schema-graph\">{\"@context\":\"https:\/\/schema.org\",\"@graph\":[{\"@type\":\"WebPage\",\"@id\":\"https:\/\/koonam.com\/pt-br\/pacotes-turisticos-sumba\/\",\"url\":\"https:\/\/koonam.com\/pt-br\/pacotes-turisticos-sumba\/\",\"name\":\"Pacotes Tur\u00edsticos Sumba - Koonam\",\"isPartOf\":{\"@id\":\"https:\/\/koonam.com\/pt-br\/#website\"},\"datePublished\":\"2022-11-24T13:00:37+00:00\",\"dateModified\":\"2023-07-14T03:25:08+00:00\",\"description\":\"A Ilha Sumba \u00e9 um destino fora do comum na Indon\u00e9sia, mas oferece uma riqueza de belezas naturais e experi\u00eancias culturais para viajantes aventureiros.\",\"breadcrumb\":{\"@id\":\"https:\/\/koonam.com\/pt-br\/pacotes-turisticos-sumba\/#breadcrumb\"},\"inLanguage\":\"pt-BR\",\"potentialAction\":[{\"@type\":\"ReadAction\",\"target\":[\"https:\/\/koonam.com\/pt-br\/pacotes-turisticos-sumba\/\"]}]},{\"@type\":\"BreadcrumbList\",\"@id\":\"https:\/\/koonam.com\/pt-br\/pacotes-turisticos-sumba\/#breadcrumb\",\"itemListElement\":[{\"@type\":\"ListItem\",\"position\":1,\"name\":\"Home\",\"item\":\"https:\/\/koonam.com\/pt-br\/\"},{\"@type\":\"ListItem\",\"position\":2,\"name\":\"Pacotes Tur\u00edsticos Sumba\"}]},{\"@type\":\"WebSite\",\"@id\":\"https:\/\/koonam.com\/pt-br\/#website\",\"url\":\"https:\/\/koonam.com\/pt-br\/\",\"name\":\"Koonam | Tour Travel Indonesia\",\"description\":\"Tour Travel Indonesia\",\"publisher\":{\"@id\":\"https:\/\/koonam.com\/pt-br\/#organization\"},\"potentialAction\":[{\"@type\":\"SearchAction\",\"target\":{\"@type\":\"EntryPoint\",\"urlTemplate\":\"https:\/\/koonam.com\/pt-br\/?s={search_term_string}\"},\"query-input\":\"required name=search_term_string\"}],\"inLanguage\":\"pt-BR\"},{\"@type\":\"Organization\",\"@id\":\"https:\/\/koonam.com\/pt-br\/#organization\",\"name\":\"Koonam Corp\",\"url\":\"https:\/\/koonam.com\/pt-br\/\",\"logo\":{\"@type\":\"ImageObject\",\"inLanguage\":\"pt-BR\",\"@id\":\"https:\/\/koonam.com\/pt-br\/#\/schema\/logo\/image\/\",\"url\":\"https:\/\/koonam.com\/wp-content\/uploads\/2018\/12\/Logo-Koonam-Header.png\",\"contentUrl\":\"https:\/\/koonam.com\/wp-content\/uploads\/2018\/12\/Logo-Koonam-Header.png\",\"width\":200,\"height\":44,\"caption\":\"Koonam Corp\"},\"image\":{\"@id\":\"https:\/\/koonam.com\/pt-br\/#\/schema\/logo\/image\/\"},\"sameAs\":[\"https:\/\/www.facebook.com\/IndonesiaTourPackages\/\"]}]}<\/script>\n<!-- \/ Yoast SEO plugin. -->","yoast_head_json":{"title":"Pacotes Tur\u00edsticos Sumba - Koonam","description":"A Ilha Sumba \u00e9 um destino fora do comum na Indon\u00e9sia, mas oferece uma riqueza de belezas naturais e experi\u00eancias culturais para viajantes aventureiros.","robots":{"index":"index","follow":"follow","max-snippet":"max-snippet:-1","max-image-preview":"max-image-preview:large","max-video-preview":"max-video-preview:-1"},"canonical":"https:\/\/koonam.com\/pt-br\/pacotes-turisticos-sumba\/","og_locale":"pt_BR","og_type":"article","og_title":"Pacotes Tur\u00edsticos Sumba - Koonam","og_description":"A Ilha Sumba \u00e9 um destino fora do comum na Indon\u00e9sia, mas oferece uma riqueza de belezas naturais e experi\u00eancias culturais para viajantes aventureiros.","og_url":"https:\/\/koonam.com\/pt-br\/pacotes-turisticos-sumba\/","og_site_name":"Koonam","article_publisher":"https:\/\/www.facebook.com\/IndonesiaTourPackages\/","article_modified_time":"2023-07-14T03:25:08+00:00","og_image":[{"width":857,"height":570,"url":"https:\/\/koonam.com\/wp-content\/uploads\/2022\/11\/Prai-Ijing-_Sumba-tour-packages-Koonam.jpg","type":"image\/jpeg"}],"twitter_card":"summary_large_image","schema":{"@context":"https:\/\/schema.org","@graph":[{"@type":"WebPage","@id":"https:\/\/koonam.com\/pt-br\/pacotes-turisticos-sumba\/","url":"https:\/\/koonam.com\/pt-br\/pacotes-turisticos-sumba\/","name":"Pacotes Tur\u00edsticos Sumba - Koonam","isPartOf":{"@id":"https:\/\/koonam.com\/pt-br\/#website"},"datePublished":"2022-11-24T13:00:37+00:00","dateModified":"2023-07-14T03:25:08+00:00","description":"A Ilha Sumba \u00e9 um destino fora do comum na Indon\u00e9sia, mas oferece uma riqueza de belezas naturais e experi\u00eancias culturais para viajantes aventureiros.","breadcrumb":{"@id":"https:\/\/koonam.com\/pt-br\/pacotes-turisticos-sumba\/#breadcrumb"},"inLanguage":"pt-BR","potentialAction":[{"@type":"ReadAction","target":["https:\/\/koonam.com\/pt-br\/pacotes-turisticos-sumba\/"]}]},{"@type":"BreadcrumbList","@id":"https:\/\/koonam.com\/pt-br\/pacotes-turisticos-sumba\/#breadcrumb","itemListElement":[{"@type":"ListItem","position":1,"name":"Home","item":"https:\/\/koonam.com\/pt-br\/"},{"@type":"ListItem","position":2,"name":"Pacotes Tur\u00edsticos Sumba"}]},{"@type":"WebSite","@id":"https:\/\/koonam.com\/pt-br\/#website","url":"https:\/\/koonam.com\/pt-br\/","name":"Koonam | Tour Travel Indonesia","description":"Tour Travel Indonesia","publisher":{"@id":"https:\/\/koonam.com\/pt-br\/#organization"},"potentialAction":[{"@type":"SearchAction","target":{"@type":"EntryPoint","urlTemplate":"https:\/\/koonam.com\/pt-br\/?s={search_term_string}"},"query-input":"required name=search_term_string"}],"inLanguage":"pt-BR"},{"@type":"Organization","@id":"https:\/\/koonam.com\/pt-br\/#organization","name":"Koonam Corp","url":"https:\/\/koonam.com\/pt-br\/","logo":{"@type":"ImageObject","inLanguage":"pt-BR","@id":"https:\/\/koonam.com\/pt-br\/#\/schema\/logo\/image\/","url":"https:\/\/koonam.com\/wp-content\/uploads\/2018\/12\/Logo-Koonam-Header.png","contentUrl":"https:\/\/koonam.com\/wp-content\/uploads\/2018\/12\/Logo-Koonam-Header.png","width":200,"height":44,"caption":"Koonam Corp"},"image":{"@id":"https:\/\/koonam.com\/pt-br\/#\/schema\/logo\/image\/"},"sameAs":["https:\/\/www.facebook.com\/IndonesiaTourPackages\/"]}]}},"_links":{"self":[{"href":"https:\/\/koonam.com\/pt-br\/wp-json\/wp\/v2\/pages\/15771","targetHints":{"allow":["GET"]}}],"collection":[{"href":"https:\/\/koonam.com\/pt-br\/wp-json\/wp\/v2\/pages"}],"about":[{"href":"https:\/\/koonam.com\/pt-br\/wp-json\/wp\/v2\/types\/page"}],"author":[{"embeddable":true,"href":"https:\/\/koonam.com\/pt-br\/wp-json\/wp\/v2\/users\/4"}],"replies":[{"embeddable":true,"href":"https:\/\/koonam.com\/pt-br\/wp-json\/wp\/v2\/comments?post=15771"}],"version-history":[{"count":5,"href":"https:\/\/koonam.com\/pt-br\/wp-json\/wp\/v2\/pages\/15771\/revisions"}],"predecessor-version":[{"id":17312,"href":"https:\/\/koonam.com\/pt-br\/wp-json\/wp\/v2\/pages\/15771\/revisions\/17312"}],"wp:featuredmedia":[{"embeddable":true,"href":"https:\/\/koonam.com\/pt-br\/wp-json\/wp\/v2\/media\/13979"}],"wp:attachment":[{"href":"https:\/\/koonam.com\/pt-br\/wp-json\/wp\/v2\/media?parent=15771"}],"curies":[{"name":"wp","href":"https:\/\/api.w.org\/{rel}","templated":true}]}}